{"id":6411,"date":"2017-03-20T15:43:07","date_gmt":"2017-03-20T14:43:07","guid":{"rendered":"https:\/\/123helikoptervluchten.nl\/product\/helikoptervlucht-groningen\/"},"modified":"2025-05-01T18:49:11","modified_gmt":"2025-05-01T16:49:11","slug":"hubschrauberflug-zaandam","status":"publish","type":"product","link":"https:\/\/123helikoptervluchten.nl\/de\/hubschrauberflug\/zaandam\/","title":{"rendered":"Hubschrauberflug Zaandam"},"excerpt":{"rendered":"<p>Machen Sie eine <strong>Hubschrauberflug Zaandam<\/strong> f\u00fcr 1-6 Personen. In der N\u00e4he von Zaandam gibt es keinen kommerziellen Hubschrauber f\u00fcr Rundfl\u00fcge. Daher der Einstiegsort <strong>Hilversum Flughafen<\/strong> ist, von dort zu diesem Ort zu fliegen, mit einem sch\u00f6nen Rundflug und Umgebung, und wieder zur\u00fcck.<\/p>","protected":false},"featured_media":17582,"template":"","meta":{"_acf_changed":false},"product_brand":[],"product_cat":[28],"product_tag":[],"class_list":{"0":"post-6411","1":"product","2":"type-product","3":"status-publish","4":"has-post-thumbnail","6":"product_cat-helikoptervlucht","7":"tm-no-options","9":"first","10":"instock","11":"virtual","12":"taxable","13":"purchasable","14":"product-type-simple"},"acf":[],"gallery_images":[],"_links":{"self":[{"href":"https:\/\/123helikoptervluchten.nl\/de\/wp-json\/wp\/v2\/product\/6411","targetHints":{"allow":["GET"]}}],"collection":[{"href":"https:\/\/123helikoptervluchten.nl\/de\/wp-json\/wp\/v2\/product"}],"about":[{"href":"https:\/\/123helikoptervluchten.nl\/de\/wp-json\/wp\/v2\/types\/product"}],"wp:featuredmedia":[{"embeddable":true,"href":"https:\/\/123helikoptervluchten.nl\/de\/wp-json\/wp\/v2\/media\/17582"}],"wp:attachment":[{"href":"https:\/\/123helikoptervluchten.nl\/de\/wp-json\/wp\/v2\/media?parent=6411"}],"wp:term":[{"taxonomy":"product_brand","embeddable":true,"href":"https:\/\/123helikoptervluchten.nl\/de\/wp-json\/wp\/v2\/product_brand?post=6411"},{"taxonomy":"product_cat","embeddable":true,"href":"https:\/\/123helikoptervluchten.nl\/de\/wp-json\/wp\/v2\/product_cat?post=6411"},{"taxonomy":"product_tag","embeddable":true,"href":"https:\/\/123helikoptervluchten.nl\/de\/wp-json\/wp\/v2\/product_tag?post=6411"}],"curies":[{"name":"wp","href":"https:\/\/api.w.org\/{rel}","templated":true}]}}