{"id":6409,"date":"2017-03-20T14:13:37","date_gmt":"2017-03-20T13:13:37","guid":{"rendered":"https:\/\/123helikoptervluchten.nl\/product\/helikoptervlucht-helmondweerteindhoven\/"},"modified":"2025-10-13T13:42:09","modified_gmt":"2025-10-13T11:42:09","slug":"hubschrauberflug-eindhoven","status":"publish","type":"product","link":"https:\/\/123helikoptervluchten.nl\/de\/hubschrauberflug\/eindhoven\/","title":{"rendered":"Hubschrauberflug Eindhoven"},"excerpt":{"rendered":"<p>Machen Sie eine <strong>Hubschrauberflug\u00a0<\/strong><b>Eindhoven<\/b> f\u00fcr 1-6 Personen. Die n\u00e4chstgelegenen Verpflegungsstellen sind privat <strong>Hubschrauberlandeplatz Harskamp<\/strong> f\u00fcr 3-4 Passagiere, oder <strong>Hilversum Flughafen<\/strong> f\u00fcr 1-2 und 5-6 Passagiere. Um von dort zu diesem Ort mit einem sch\u00f6nen Rundflug und Umgebung zu fliegen, und wieder zur\u00fcck.<\/p>","protected":false},"featured_media":17504,"template":"","meta":{"_acf_changed":false},"product_brand":[],"product_cat":[28,18],"product_tag":[],"class_list":{"0":"post-6409","1":"product","2":"type-product","3":"status-publish","4":"has-post-thumbnail","6":"product_cat-helikoptervlucht","7":"product_cat-geen-categorie","8":"tm-no-options","10":"first","11":"instock","12":"virtual","13":"taxable","14":"purchasable","15":"product-type-simple"},"acf":[],"gallery_images":[],"_links":{"self":[{"href":"https:\/\/123helikoptervluchten.nl\/de\/wp-json\/wp\/v2\/product\/6409","targetHints":{"allow":["GET"]}}],"collection":[{"href":"https:\/\/123helikoptervluchten.nl\/de\/wp-json\/wp\/v2\/product"}],"about":[{"href":"https:\/\/123helikoptervluchten.nl\/de\/wp-json\/wp\/v2\/types\/product"}],"wp:featuredmedia":[{"embeddable":true,"href":"https:\/\/123helikoptervluchten.nl\/de\/wp-json\/wp\/v2\/media\/17504"}],"wp:attachment":[{"href":"https:\/\/123helikoptervluchten.nl\/de\/wp-json\/wp\/v2\/media?parent=6409"}],"wp:term":[{"taxonomy":"product_brand","embeddable":true,"href":"https:\/\/123helikoptervluchten.nl\/de\/wp-json\/wp\/v2\/product_brand?post=6409"},{"taxonomy":"product_cat","embeddable":true,"href":"https:\/\/123helikoptervluchten.nl\/de\/wp-json\/wp\/v2\/product_cat?post=6409"},{"taxonomy":"product_tag","embeddable":true,"href":"https:\/\/123helikoptervluchten.nl\/de\/wp-json\/wp\/v2\/product_tag?post=6409"}],"curies":[{"name":"wp","href":"https:\/\/api.w.org\/{rel}","templated":true}]}}