{"id":6286,"date":"2017-02-28T09:51:01","date_gmt":"2017-02-28T08:51:01","guid":{"rendered":"https:\/\/123helikoptervluchten.nl\/product\/helikoptervlucht-arnhem\/"},"modified":"2024-05-03T18:25:28","modified_gmt":"2024-05-03T16:25:28","slug":"hubschrauberflug-arnhem","status":"publish","type":"product","link":"https:\/\/123helikoptervluchten.nl\/de\/hubschrauberflug\/arnhem\/","title":{"rendered":"Hubschrauberflug Arnheim"},"excerpt":{"rendered":"<p>Buchen Sie einen Hubschrauberflug Arnheim und sehen Sie die Umgebung von Arnheim? Dies ist m\u00f6glich f\u00fcr 4 Personen bei einem 10-min\u00fctigen Rundflug. Es handelt sich um einen privaten Flug, bei dem keine anderen Personen mitfliegen. Die Fl\u00fcge finden zu festen Terminen statt.<\/p>","protected":false},"featured_media":14758,"template":"","meta":{"_acf_changed":false},"product_brand":[],"product_cat":[28],"product_tag":[],"class_list":{"0":"post-6286","1":"product","2":"type-product","3":"status-publish","4":"has-post-thumbnail","6":"product_cat-helikoptervlucht","7":"tm-no-options","9":"first","10":"instock","11":"virtual","12":"taxable","13":"purchasable","14":"product-type-simple"},"acf":[],"gallery_images":[],"_links":{"self":[{"href":"https:\/\/123helikoptervluchten.nl\/de\/wp-json\/wp\/v2\/product\/6286","targetHints":{"allow":["GET"]}}],"collection":[{"href":"https:\/\/123helikoptervluchten.nl\/de\/wp-json\/wp\/v2\/product"}],"about":[{"href":"https:\/\/123helikoptervluchten.nl\/de\/wp-json\/wp\/v2\/types\/product"}],"wp:featuredmedia":[{"embeddable":true,"href":"https:\/\/123helikoptervluchten.nl\/de\/wp-json\/wp\/v2\/media\/14758"}],"wp:attachment":[{"href":"https:\/\/123helikoptervluchten.nl\/de\/wp-json\/wp\/v2\/media?parent=6286"}],"wp:term":[{"taxonomy":"product_brand","embeddable":true,"href":"https:\/\/123helikoptervluchten.nl\/de\/wp-json\/wp\/v2\/product_brand?post=6286"},{"taxonomy":"product_cat","embeddable":true,"href":"https:\/\/123helikoptervluchten.nl\/de\/wp-json\/wp\/v2\/product_cat?post=6286"},{"taxonomy":"product_tag","embeddable":true,"href":"https:\/\/123helikoptervluchten.nl\/de\/wp-json\/wp\/v2\/product_tag?post=6286"}],"curies":[{"name":"wp","href":"https:\/\/api.w.org\/{rel}","templated":true}]}}