{"id":20750,"date":"2025-08-19T16:37:41","date_gmt":"2025-08-19T14:37:41","guid":{"rendered":"https:\/\/123helikoptervluchten.nl\/?post_type=product&#038;p=20750"},"modified":"2025-08-19T18:05:19","modified_gmt":"2025-08-19T16:05:19","slug":"hubschrauberflug-dakar","status":"publish","type":"product","link":"https:\/\/123helikoptervluchten.nl\/de\/hubschrauberflug\/dakar\/","title":{"rendered":"Hubschrauberflug Dakar"},"excerpt":{"rendered":"<p>W\u00e4hlen Sie eine unvergessliche <strong data-start=\"122\" data-end=\"148\" data-is-only-node=\"\">Hubschrauberflug Dakar<\/strong>einen Luxustransfer nach <strong data-start=\"173\" data-end=\"181\">Saly<\/strong> oder eine exklusive <strong data-start=\"200\" data-end=\"218\">Dakar Sky Tour<\/strong>. Mit dem <strong data-start=\"227\" data-end=\"247\">AS350 Hubschrauber<\/strong> (5 Passagiere) genie\u00dfen Geschwindigkeit und Komfort, ideal f\u00fcr Rundfl\u00fcge oder VIP-Transfers von <strong data-start=\"347\" data-end=\"386\">Internationaler Flughafen Blaise Diagne<\/strong>. Geben Sie Ihre Pr\u00e4ferenzen ein und wir werden Sie informieren, sobald diese Hubschrauberfl\u00fcge wieder verf\u00fcgbar sind.<\/p>","protected":false},"featured_media":0,"template":"","meta":{"_acf_changed":false},"product_brand":[],"product_cat":[28],"product_tag":[],"class_list":{"0":"post-20750","1":"product","2":"type-product","3":"status-publish","5":"product_cat-helikoptervlucht","6":"tm-no-options","8":"first","9":"instock","10":"virtual","11":"taxable","12":"purchasable","13":"product-type-simple"},"acf":[],"gallery_images":[14710],"_links":{"self":[{"href":"https:\/\/123helikoptervluchten.nl\/de\/wp-json\/wp\/v2\/product\/20750","targetHints":{"allow":["GET"]}}],"collection":[{"href":"https:\/\/123helikoptervluchten.nl\/de\/wp-json\/wp\/v2\/product"}],"about":[{"href":"https:\/\/123helikoptervluchten.nl\/de\/wp-json\/wp\/v2\/types\/product"}],"wp:attachment":[{"href":"https:\/\/123helikoptervluchten.nl\/de\/wp-json\/wp\/v2\/media?parent=20750"}],"wp:term":[{"taxonomy":"product_brand","embeddable":true,"href":"https:\/\/123helikoptervluchten.nl\/de\/wp-json\/wp\/v2\/product_brand?post=20750"},{"taxonomy":"product_cat","embeddable":true,"href":"https:\/\/123helikoptervluchten.nl\/de\/wp-json\/wp\/v2\/product_cat?post=20750"},{"taxonomy":"product_tag","embeddable":true,"href":"https:\/\/123helikoptervluchten.nl\/de\/wp-json\/wp\/v2\/product_tag?post=20750"}],"curies":[{"name":"wp","href":"https:\/\/api.w.org\/{rel}","templated":true}]}}