{"id":20584,"date":"2025-08-01T15:49:25","date_gmt":"2025-08-01T13:49:25","guid":{"rendered":"https:\/\/123helikoptervluchten.nl\/?post_type=product&#038;p=20584"},"modified":"2025-11-20T16:31:29","modified_gmt":"2025-11-20T15:31:29","slug":"upgrade-auf-30-minuten-flug","status":"publish","type":"product","link":"https:\/\/123helikoptervluchten.nl\/de\/hubschrauberflug\/30-minuten-upgrade-2-passagier\/","title":{"rendered":"Upgrade auf 30-Minuten-Flug"},"excerpt":{"rendered":"<h3><strong>Gemeinsam in die L\u00fcfte gehen? <span class=\"blink\" style=\"color: #2644a1;\">Jetzt umsteigen!<\/span><\/strong><\/h3>\n<p><br data-start=\"103\" data-end=\"106\" \/>Erweitern Sie Ihren Hubschrauberflug von 1 auf 2 Passagiere und genie\u00dfen Sie gemeinsam einen 30-min\u00fctigen Privatflug \u00fcber Hilversum. Buchen Sie das Upgrade jetzt und teilen Sie dieses einzigartige Abenteuer!<\/p>\n<p><strong data-start=\"302\" data-end=\"313\">Anmerkung:<\/strong> das Gesamtgewicht der beiden Fahrg\u00e4ste darf die folgenden Werte nicht \u00fcberschreiten <strong data-start=\"371\" data-end=\"381\">180 kg<\/strong> herauskommen.<\/p>","protected":false},"featured_media":17504,"template":"","meta":{"_acf_changed":false},"product_brand":[],"product_cat":[28],"product_tag":[],"class_list":{"0":"post-20584","1":"product","2":"type-product","3":"status-publish","4":"has-post-thumbnail","6":"product_cat-helikoptervlucht","7":"tm-has-options","9":"first","10":"instock","11":"virtual","12":"sold-individually","13":"taxable","14":"purchasable","15":"product-type-simple"},"acf":[],"gallery_images":[],"_links":{"self":[{"href":"https:\/\/123helikoptervluchten.nl\/de\/wp-json\/wp\/v2\/product\/20584","targetHints":{"allow":["GET"]}}],"collection":[{"href":"https:\/\/123helikoptervluchten.nl\/de\/wp-json\/wp\/v2\/product"}],"about":[{"href":"https:\/\/123helikoptervluchten.nl\/de\/wp-json\/wp\/v2\/types\/product"}],"wp:featuredmedia":[{"embeddable":true,"href":"https:\/\/123helikoptervluchten.nl\/de\/wp-json\/wp\/v2\/media\/17504"}],"wp:attachment":[{"href":"https:\/\/123helikoptervluchten.nl\/de\/wp-json\/wp\/v2\/media?parent=20584"}],"wp:term":[{"taxonomy":"product_brand","embeddable":true,"href":"https:\/\/123helikoptervluchten.nl\/de\/wp-json\/wp\/v2\/product_brand?post=20584"},{"taxonomy":"product_cat","embeddable":true,"href":"https:\/\/123helikoptervluchten.nl\/de\/wp-json\/wp\/v2\/product_cat?post=20584"},{"taxonomy":"product_tag","embeddable":true,"href":"https:\/\/123helikoptervluchten.nl\/de\/wp-json\/wp\/v2\/product_tag?post=20584"}],"curies":[{"name":"wp","href":"https:\/\/api.w.org\/{rel}","templated":true}]}}