{"id":19125,"date":"2023-12-13T12:27:54","date_gmt":"2023-12-13T11:27:54","guid":{"rendered":"https:\/\/123helikoptervluchten.nl\/?post_type=product&#038;p=19125"},"modified":"2025-02-24T12:23:08","modified_gmt":"2025-02-24T11:23:08","slug":"annuleringsverzekering","status":"publish","type":"product","link":"https:\/\/123helikoptervluchten.nl\/de\/annuleringsverzekering\/","title":{"rendered":"Reiser\u00fccktrittsversicherung"},"excerpt":{"rendered":"<h3><strong>Noch keine R\u00fccktrittsversicherung abgeschlossen? <span class=\"blink\" style=\"color: #2644a1;\">Letzte Chance!<\/span><\/strong><\/h3>\n<p>&nbsp;<\/p>\n<p><strong>Flexibel bleiben, Sicherheit buchen!<\/strong><br \/>\nF\u00fcgen Sie jetzt Ihre R\u00fccktrittsversicherung f\u00fcr nur <strong>\u20ac25,-<\/strong> (aus <strong>\u20ac35,-<\/strong>) und vergewissern Sie sich, dass Sie bis zu 48 Stunden vor Ihrem Flug \u00c4nderungen vornehmen k\u00f6nnen.<\/p>\n<p><strong>Voucher gebucht?<\/strong> Mit einer R\u00fccktrittsversicherung schenken Sie nicht nur ein Geschenk, sondern auch Sicherheit und Flexibilit\u00e4t f\u00fcr den Beschenkten. Ohne Versicherung kann der Flug bei Nichterscheinen des Beschenkten nicht umdisponiert werden, so dass das Geschenk nicht genutzt werden kann.<\/p>","protected":false},"featured_media":19127,"template":"","meta":{"_acf_changed":false},"product_brand":[],"product_cat":[50],"product_tag":[],"class_list":{"0":"post-19125","1":"product","2":"type-product","3":"status-publish","4":"has-post-thumbnail","6":"product_cat-verzekering","7":"tm-has-options","9":"first","10":"instock","11":"virtual","12":"sold-individually","13":"taxable","14":"purchasable","15":"product-type-simple"},"acf":[],"gallery_images":[],"_links":{"self":[{"href":"https:\/\/123helikoptervluchten.nl\/de\/wp-json\/wp\/v2\/product\/19125","targetHints":{"allow":["GET"]}}],"collection":[{"href":"https:\/\/123helikoptervluchten.nl\/de\/wp-json\/wp\/v2\/product"}],"about":[{"href":"https:\/\/123helikoptervluchten.nl\/de\/wp-json\/wp\/v2\/types\/product"}],"wp:featuredmedia":[{"embeddable":true,"href":"https:\/\/123helikoptervluchten.nl\/de\/wp-json\/wp\/v2\/media\/19127"}],"wp:attachment":[{"href":"https:\/\/123helikoptervluchten.nl\/de\/wp-json\/wp\/v2\/media?parent=19125"}],"wp:term":[{"taxonomy":"product_brand","embeddable":true,"href":"https:\/\/123helikoptervluchten.nl\/de\/wp-json\/wp\/v2\/product_brand?post=19125"},{"taxonomy":"product_cat","embeddable":true,"href":"https:\/\/123helikoptervluchten.nl\/de\/wp-json\/wp\/v2\/product_cat?post=19125"},{"taxonomy":"product_tag","embeddable":true,"href":"https:\/\/123helikoptervluchten.nl\/de\/wp-json\/wp\/v2\/product_tag?post=19125"}],"curies":[{"name":"wp","href":"https:\/\/api.w.org\/{rel}","templated":true}]}}