{"id":18155,"date":"2022-11-01T09:42:22","date_gmt":"2022-11-01T08:42:22","guid":{"rendered":"https:\/\/123helikoptervluchten.nl\/?post_type=product&#038;p=18155"},"modified":"2024-05-05T18:28:28","modified_gmt":"2024-05-05T16:28:28","slug":"helikoptervlucht-new-york","status":"publish","type":"product","link":"https:\/\/123helikoptervluchten.nl\/de\/hubschrauberflug\/new-york\/","title":{"rendered":"Hubschrauberflug New York"},"excerpt":{"rendered":"<p>Buchen Sie Ihren Hubschrauberflug New York schon vor dem Abflug, um sich einen Platz zu sichern und Zeit f\u00fcr Ihren Urlaub zu sparen. \u00dcberpr\u00fcfen Sie schnell die Optionen und buchen Sie sicher online!<\/p>\n<p>Alle ber\u00fchmten Objekte ziehen vorbei, vom Empire State Building, der Freiheitsstatue, dem Central Park bis zum Yankee Stadium.<\/p>\n<ul class=\"ul_green\">\n<li>Sicherheit<\/li>\n<li>Zeit sparen<\/li>\n<li>Verl\u00e4sslicher Partner<\/li>\n<li>Ebenfalls von New Jersey aus zu starten<\/li>\n<\/ul>","protected":false},"featured_media":18156,"template":"","meta":{"_acf_changed":false},"product_brand":[],"product_cat":[28],"product_tag":[],"class_list":{"0":"post-18155","1":"product","2":"type-product","3":"status-publish","4":"has-post-thumbnail","6":"product_cat-helikoptervlucht","7":"tm-no-options","9":"first","10":"instock","11":"taxable","12":"shipping-taxable","13":"product-type-external"},"acf":[],"gallery_images":[18158,18165,18159,18160,18157],"_links":{"self":[{"href":"https:\/\/123helikoptervluchten.nl\/de\/wp-json\/wp\/v2\/product\/18155","targetHints":{"allow":["GET"]}}],"collection":[{"href":"https:\/\/123helikoptervluchten.nl\/de\/wp-json\/wp\/v2\/product"}],"about":[{"href":"https:\/\/123helikoptervluchten.nl\/de\/wp-json\/wp\/v2\/types\/product"}],"wp:featuredmedia":[{"embeddable":true,"href":"https:\/\/123helikoptervluchten.nl\/de\/wp-json\/wp\/v2\/media\/18156"}],"wp:attachment":[{"href":"https:\/\/123helikoptervluchten.nl\/de\/wp-json\/wp\/v2\/media?parent=18155"}],"wp:term":[{"taxonomy":"product_brand","embeddable":true,"href":"https:\/\/123helikoptervluchten.nl\/de\/wp-json\/wp\/v2\/product_brand?post=18155"},{"taxonomy":"product_cat","embeddable":true,"href":"https:\/\/123helikoptervluchten.nl\/de\/wp-json\/wp\/v2\/product_cat?post=18155"},{"taxonomy":"product_tag","embeddable":true,"href":"https:\/\/123helikoptervluchten.nl\/de\/wp-json\/wp\/v2\/product_tag?post=18155"}],"curies":[{"name":"wp","href":"https:\/\/api.w.org\/{rel}","templated":true}]}}