{"id":17907,"date":"2022-07-04T14:42:10","date_gmt":"2022-07-04T12:42:10","guid":{"rendered":"https:\/\/123helikoptervluchten.nl\/?post_type=product&#038;p=17907"},"modified":"2023-02-08T22:30:08","modified_gmt":"2023-02-08T21:30:08","slug":"formel-1-spa-francorchamps","status":"publish","type":"product","link":"https:\/\/123helikoptervluchten.nl\/de\/veranstaltung\/formel-1-spa-francorchamps-per-hubschrauber\/","title":{"rendered":"Formel 1 - Spa Francorchamps"},"excerpt":{"rendered":"<p>Fliegen Sie stilvoll als VIP mit dem Hubschrauber zur Formel 1 in Spa Francorchamps. Sie fliegen vom Flughafen Budel oder vom Flughafen Theux und werden an der Rennstrecke von Spa abgesetzt. Buchen Sie jetzt Ihre Pl\u00e4tze in einem geteilten, luxuri\u00f6sen Hubschrauber. Morgens hin, abends zur\u00fcck.<\/p>","protected":false},"featured_media":17904,"template":"","meta":{"_acf_changed":false},"product_brand":[],"product_cat":[45],"product_tag":[],"class_list":{"0":"post-17907","1":"product","2":"type-product","3":"status-publish","4":"has-post-thumbnail","6":"product_cat-evenement","7":"tm-has-options","9":"first","10":"instock","11":"virtual","12":"taxable","13":"product-type-simple"},"acf":[],"gallery_images":[],"_links":{"self":[{"href":"https:\/\/123helikoptervluchten.nl\/de\/wp-json\/wp\/v2\/product\/17907","targetHints":{"allow":["GET"]}}],"collection":[{"href":"https:\/\/123helikoptervluchten.nl\/de\/wp-json\/wp\/v2\/product"}],"about":[{"href":"https:\/\/123helikoptervluchten.nl\/de\/wp-json\/wp\/v2\/types\/product"}],"wp:featuredmedia":[{"embeddable":true,"href":"https:\/\/123helikoptervluchten.nl\/de\/wp-json\/wp\/v2\/media\/17904"}],"wp:attachment":[{"href":"https:\/\/123helikoptervluchten.nl\/de\/wp-json\/wp\/v2\/media?parent=17907"}],"wp:term":[{"taxonomy":"product_brand","embeddable":true,"href":"https:\/\/123helikoptervluchten.nl\/de\/wp-json\/wp\/v2\/product_brand?post=17907"},{"taxonomy":"product_cat","embeddable":true,"href":"https:\/\/123helikoptervluchten.nl\/de\/wp-json\/wp\/v2\/product_cat?post=17907"},{"taxonomy":"product_tag","embeddable":true,"href":"https:\/\/123helikoptervluchten.nl\/de\/wp-json\/wp\/v2\/product_tag?post=17907"}],"curies":[{"name":"wp","href":"https:\/\/api.w.org\/{rel}","templated":true}]}}