{"id":17906,"date":"2022-07-04T13:58:36","date_gmt":"2022-07-04T11:58:36","guid":{"rendered":"https:\/\/123helikoptervluchten.nl\/?post_type=product&#038;p=17906"},"modified":"2025-06-10T18:45:06","modified_gmt":"2025-06-10T16:45:06","slug":"formel-1-sandvoort","status":"publish","type":"product","link":"https:\/\/123helikoptervluchten.nl\/de\/veranstaltung\/formel-1-zandvoort-per-hubschrauber\/","title":{"rendered":"Formel 1 Zandvoort per Hubschrauber | GP der Niederlande"},"excerpt":{"rendered":"<p>Fliegen Sie stilvoll als VIP mit dem Hubschrauber zur Formel 1 in Zandvoort. Sie fliegen vom Hubschrauberlandeplatz in Amsterdam und werden an der Rennstrecke von Zandvoort abgesetzt. Buchen Sie jetzt Ihre Pl\u00e4tze in einem gemeinsam genutzten, luxuri\u00f6sen Helikopter. Sie fliegen morgens hin und abends zur\u00fcck.<\/p>","protected":false},"featured_media":17904,"template":"","meta":{"_acf_changed":false},"product_brand":[],"product_cat":[45],"product_tag":[],"class_list":{"0":"post-17906","1":"product","2":"type-product","3":"status-publish","4":"has-post-thumbnail","6":"product_cat-evenement","7":"tm-has-options","9":"first","10":"instock","11":"virtual","12":"taxable","13":"purchasable","14":"product-type-simple"},"acf":[],"gallery_images":[],"_links":{"self":[{"href":"https:\/\/123helikoptervluchten.nl\/de\/wp-json\/wp\/v2\/product\/17906","targetHints":{"allow":["GET"]}}],"collection":[{"href":"https:\/\/123helikoptervluchten.nl\/de\/wp-json\/wp\/v2\/product"}],"about":[{"href":"https:\/\/123helikoptervluchten.nl\/de\/wp-json\/wp\/v2\/types\/product"}],"wp:featuredmedia":[{"embeddable":true,"href":"https:\/\/123helikoptervluchten.nl\/de\/wp-json\/wp\/v2\/media\/17904"}],"wp:attachment":[{"href":"https:\/\/123helikoptervluchten.nl\/de\/wp-json\/wp\/v2\/media?parent=17906"}],"wp:term":[{"taxonomy":"product_brand","embeddable":true,"href":"https:\/\/123helikoptervluchten.nl\/de\/wp-json\/wp\/v2\/product_brand?post=17906"},{"taxonomy":"product_cat","embeddable":true,"href":"https:\/\/123helikoptervluchten.nl\/de\/wp-json\/wp\/v2\/product_cat?post=17906"},{"taxonomy":"product_tag","embeddable":true,"href":"https:\/\/123helikoptervluchten.nl\/de\/wp-json\/wp\/v2\/product_tag?post=17906"}],"curies":[{"name":"wp","href":"https:\/\/api.w.org\/{rel}","templated":true}]}}