{"id":17361,"date":"2022-02-04T19:00:42","date_gmt":"2022-02-04T18:00:42","guid":{"rendered":"https:\/\/123helikoptervluchten.nl\/product\/niet-gecategoriseerd\/helikoptervlucht-zutphen\/"},"modified":"2025-02-11T21:20:39","modified_gmt":"2025-02-11T20:20:39","slug":"hubschrauberflug-zutphen","status":"publish","type":"product","link":"https:\/\/123helikoptervluchten.nl\/de\/hubschrauberflug\/zutphen\/","title":{"rendered":"Hubschrauberflug Zutphen"},"excerpt":{"rendered":"<p>Machen Sie eine <strong>Hubschrauberflug\u00a0<\/strong><b>Zutphen<\/b> f\u00fcr 1-6 Personen. Die n\u00e4chstgelegenen Verpflegungsstellen sind privat <strong>Hubschrauberlandeplatz Harskamp<\/strong> f\u00fcr 3-4 Passagiere, oder <strong>Hilversum Flughafen<\/strong> f\u00fcr 1-2 und 5-6 Passagiere. Um von dort zu diesem Ort mit einem sch\u00f6nen Rundflug und Umgebung zu fliegen, und wieder zur\u00fcck.<\/p>","protected":false},"featured_media":17504,"template":"","meta":{"_acf_changed":false},"product_brand":[],"product_cat":[28],"product_tag":[],"class_list":{"0":"post-17361","1":"product","2":"type-product","3":"status-publish","4":"has-post-thumbnail","6":"product_cat-helikoptervlucht","7":"tm-no-options","9":"first","10":"instock","11":"virtual","12":"purchasable","13":"product-type-simple"},"acf":[],"gallery_images":[],"_links":{"self":[{"href":"https:\/\/123helikoptervluchten.nl\/de\/wp-json\/wp\/v2\/product\/17361","targetHints":{"allow":["GET"]}}],"collection":[{"href":"https:\/\/123helikoptervluchten.nl\/de\/wp-json\/wp\/v2\/product"}],"about":[{"href":"https:\/\/123helikoptervluchten.nl\/de\/wp-json\/wp\/v2\/types\/product"}],"wp:featuredmedia":[{"embeddable":true,"href":"https:\/\/123helikoptervluchten.nl\/de\/wp-json\/wp\/v2\/media\/17504"}],"wp:attachment":[{"href":"https:\/\/123helikoptervluchten.nl\/de\/wp-json\/wp\/v2\/media?parent=17361"}],"wp:term":[{"taxonomy":"product_brand","embeddable":true,"href":"https:\/\/123helikoptervluchten.nl\/de\/wp-json\/wp\/v2\/product_brand?post=17361"},{"taxonomy":"product_cat","embeddable":true,"href":"https:\/\/123helikoptervluchten.nl\/de\/wp-json\/wp\/v2\/product_cat?post=17361"},{"taxonomy":"product_tag","embeddable":true,"href":"https:\/\/123helikoptervluchten.nl\/de\/wp-json\/wp\/v2\/product_tag?post=17361"}],"curies":[{"name":"wp","href":"https:\/\/api.w.org\/{rel}","templated":true}]}}