{"id":9,"date":"2021-04-14T12:46:09","date_gmt":"2021-04-14T12:46:09","guid":{"rendered":"https:\/\/dev.surv.nl\/123h\/?page_id=9"},"modified":"2026-03-30T13:05:26","modified_gmt":"2026-03-30T11:05:26","slug":"home","status":"publish","type":"page","link":"https:\/\/123helikoptervluchten.nl\/de\/","title":{"rendered":"Startseite"},"content":{"rendered":"<h2>Hubschrauberrundflug<\/h2>\n<div class=\"row\">\n<div class=\"col-md-8\">\n<p>Buchen Sie einen Hubschrauberflug. Nat\u00fcrlich bieten wir auch ma\u00dfgeschneiderte Dienstleistungen an. Wir verf\u00fcgen \u00fcber mehr als 13 Jahre Erfahrung in dieser Branche und f\u00fchren auch Rundfl\u00fcge in den gesamten Niederlanden durch. Sprechen Sie mit uns \u00fcber die M\u00f6glichkeiten f\u00fcr einen Hubschrauberflug oder w\u00e4hlen Sie einen Hubschrauber f\u00fcr <a href=\"https:\/\/123helikoptervluchten.nl\/de\/blog\/helikopter-huren\/\">mieten<\/a>.<\/p>\n<p>Sind Sie auf der Suche nach einem originellen Ausflug bei Veranstaltungen, Messen, Betriebsfeiern oder Firmentagen? Dann denken Sie an Hubschrauberrundfl\u00fcge, zum Beispiel von 6 oder 10 Minuten Dauer. Wir bieten auch ma\u00dfgeschneiderte VIP-Fl\u00fcge mit 2-motorigen Hubschraubern an. Dies ist der gleiche Typ wie der bekannte niederl\u00e4ndische ANWB-Traumahubschrauber.<\/p>\n<p>Sie k\u00f6nnen sich auch mit uns in Verbindung setzen, um ma\u00dfgeschneiderte Auftr\u00e4ge zu erhalten, wie zum Beispiel einen Flug in die <a href=\"https:\/\/123helikoptervluchten.nl\/de\/veranstaltung\/formel-1-zandvoort-per-hubschrauber\/\" target=\"_blank\" rel=\"noopener noreferrer nofollow\"><u>Rundkurs von Zandvoort<\/u><\/a> wo jedes Jahr der Formel-1-Zirkus gastiert. Wenn es um Hubschrauberfl\u00fcge vor Ort geht, sind Sie ebenfalls an der richtigen Adresse.<\/p>\n<\/div>\n<div class=\"col-md-4\"><img decoding=\"async\" class=\"alignnone wp-image-14686 size-full\" src=\"https:\/\/123helikoptervluchten.nl\/wp-content\/uploads\/2021\/12\/helikoptervlucht-boeken.jpg\" alt=\"Hubschrauberflug buchen\" width=\"400\" height=\"226\" title=\"\" srcset=\"https:\/\/123helikoptervluchten.nl\/wp-content\/uploads\/2021\/12\/helikoptervlucht-boeken.jpg 400w, https:\/\/123helikoptervluchten.nl\/wp-content\/uploads\/2021\/12\/helikoptervlucht-boeken-300x170.jpg 300w, https:\/\/123helikoptervluchten.nl\/wp-content\/uploads\/2021\/12\/helikoptervlucht-boeken-60x34.jpg 60w, https:\/\/123helikoptervluchten.nl\/wp-content\/uploads\/2021\/12\/helikoptervlucht-boeken-110x62.jpg 110w\" sizes=\"(max-width: 400px) 100vw, 400px\" \/><\/div>\n<\/div>\n<h2>Geschenk Hubschrauberflug<\/h2>\n<p>Entdecken Sie eine neue Dimension mit einem atemberaubenden Hubschrauberflug! G\u00f6nnen Sie sich oder Ihren Liebsten das ultimative Geschenk und schenken Sie ihnen einen aufregenden <strong>Hubschrauberflug als Geschenk<\/strong> das ihre Herzen h\u00f6her schlagen l\u00e4sst. \u00dcberraschen Sie dieses Jahr Ihre Freunde und Familie mit diesem einzigartigen Hubschraubererlebnis als Geschenk, das garantiert f\u00fcr viel Begeisterung sorgen wird. Der meistverkaufte Hubschrauberflug ist ein 45-min\u00fctiger Flug. Bestellen Sie schnell Ihr Hubschrauberflug-Geschenk und fliegen Sie mit einem Hubschrauber. W\u00e4hlen Sie einen Hubschrauberflug als Geschenk und Sie werden garantiert einen guten Eindruck hinterlassen!<\/p>\n<h2>Hubschrauberflug \u00fcber die Niederlande<\/h2>\n<p>Egal, ob Sie die atemberaubende Aussicht auf Ihre Lieblingsstadt aus der Luft genie\u00dfen oder herausfinden m\u00f6chten, ob Sie das Zeug zum Hubschrauberpiloten haben, dieser atemberaubende Hubschrauberflug \u00fcber die Niederlande bietet spektakul\u00e4re M\u00f6glichkeiten. Von ber\u00fchmten Wahrzeichen bis hin zu farbenfrohen Tulpenfeldern im Fr\u00fchling - machen Sie unvergessliche Fotos, w\u00e4hrend Sie durch den Himmel schweben. Die meistverkauften Fl\u00fcge werden verschenkt. Verschenken Sie also jetzt einen einzigartigen Hubschrauberflug! Ein Helikopterflug ist ein Erlebnis, das Sie nie vergessen werden. A <a title=\"Hubschrauberflug 2 Personen\" href=\"https:\/\/123helikoptervluchten.nl\/de\/hubschrauberflug\/2-personen\/\" target=\"_blank\" rel=\"noopener\">Hubschrauberflug f\u00fcr 2 Personen<\/a> ist einer unserer meistgebuchten Hubschrauberfl\u00fcge. Buchen Sie Ihren Hubschrauberrundflug Niederlande noch heute.<\/p>","protected":false},"excerpt":{"rendered":"<p>Helikopter rondvlucht Boek een helikoptervlucht. Uiteraard leveren wij ook maatwerk. Wij hebben ruim 13 jaar ervaring in deze branche, en leveren door heel Nederland ook rondvluchten op locatie. Bespreek met ons de mogelijkheden voor een helikopter rit of kies ervoor om een helikopter te huren. Zoek je een origineel uitje tijdens evenementen, jaarmarkt, braderie, bedrijfsfeest [&hellip;]<\/p>","protected":false},"author":10,"featured_media":0,"parent":0,"menu_order":0,"comment_status":"closed","ping_status":"closed","template":"template-homepage.php","meta":{"_acf_changed":false,"footnotes":""},"class_list":["post-9","page","type-page","status-publish","hentry"],"acf":[],"_links":{"self":[{"href":"https:\/\/123helikoptervluchten.nl\/de\/wp-json\/wp\/v2\/pages\/9","targetHints":{"allow":["GET"]}}],"collection":[{"href":"https:\/\/123helikoptervluchten.nl\/de\/wp-json\/wp\/v2\/pages"}],"about":[{"href":"https:\/\/123helikoptervluchten.nl\/de\/wp-json\/wp\/v2\/types\/page"}],"author":[{"embeddable":true,"href":"https:\/\/123helikoptervluchten.nl\/de\/wp-json\/wp\/v2\/users\/10"}],"replies":[{"embeddable":true,"href":"https:\/\/123helikoptervluchten.nl\/de\/wp-json\/wp\/v2\/comments?post=9"}],"version-history":[{"count":0,"href":"https:\/\/123helikoptervluchten.nl\/de\/wp-json\/wp\/v2\/pages\/9\/revisions"}],"wp:attachment":[{"href":"https:\/\/123helikoptervluchten.nl\/de\/wp-json\/wp\/v2\/media?parent=9"}],"curies":[{"name":"wp","href":"https:\/\/api.w.org\/{rel}","templated":true}]}}