{"id":3,"date":"2021-04-12T10:08:40","date_gmt":"2021-04-12T10:08:40","guid":{"rendered":"https:\/\/dev.surv.nl\/123h\/?page_id=3"},"modified":"2024-10-10T11:15:43","modified_gmt":"2024-10-10T09:15:43","slug":"privacy-policy","status":"publish","type":"page","link":"https:\/\/123helikoptervluchten.nl\/de\/privacy-policy\/","title":{"rendered":"Datenschutzbestimmungen"},"content":{"rendered":"<div class=\"gap\">\n<h3>Datenschutzbestimmungen<\/h3>\n<p>HeliQopter Services, mit Sitz in Vliersingel 30, 8082 CH Elburg, Niederlande, ist verantwortlich f\u00fcr die Verarbeitung personenbezogener Daten, wie in dieser Datenschutzerkl\u00e4rung beschrieben.<\/p>\n<p>Kontaktinformationen:<br \/>\nHeliQopter Dienstleistungen<br \/>\nwww.123helikoptervluchten.nl<br \/>\nOder 20 - Postfach E7710<br \/>\n2491 DC Den Haag<br \/>\nDie Niederlande<br \/>\n+31707007878<\/p>\n<p>W. Boerendans ist der Datenschutzbeauftragte von HeliQopter Services. Sie erreichen ihn unter info@123helikoptervluchten.nl<\/p>\n<p><strong>Von uns verarbeitete personenbezogene Daten<\/strong><br \/>\nHeliQopter Services verarbeitet Ihre pers\u00f6nlichen Daten, weil Sie unsere Dienste in Anspruch nehmen und\/oder weil Sie sie uns selbst zur Verf\u00fcgung stellen.<\/p>\n<p>Nachstehend finden Sie einen \u00dcberblick \u00fcber die von uns verarbeiteten personenbezogenen Daten:<br \/>\n- Vorname und Nachname<br \/>\n- Geschlecht<br \/>\n- Datum der Geburt<br \/>\n- Ort der Geburt<br \/>\n- Angaben zur Adresse<br \/>\n- Rufnummer<br \/>\n- E-Mail Adresse<br \/>\n- IP-Adresse<br \/>\n- Sonstige personenbezogene Daten, die Sie uns aktiv zur Verf\u00fcgung stellen, z. B. durch die Erstellung eines Profils auf dieser Website, im Schriftverkehr und per Telefon<br \/>\n- Details zum Standort<br \/>\n- Daten \u00fcber Ihre Aktivit\u00e4ten auf unserer Website<br \/>\n- Daten \u00fcber Ihr Surfverhalten auf verschiedenen Websites (z. B. weil dieses Unternehmen Teil eines Werbenetzwerks ist)<br \/>\n- Auflistung von Kundenkontaktdaten \u00fcber eine App<br \/>\n- Internet-Browser und Ger\u00e4tetyp<br \/>\n- Bankkontonummer<\/p>\n<p><strong>Besondere und\/oder sensible personenbezogene Daten, die wir verarbeiten<\/strong><br \/>\nHeliQopter Services verarbeitet die folgenden besonderen und\/oder sensiblen personenbezogenen Daten \u00fcber Sie:<br \/>\n- Daten von Personen unter 16 Jahren, wenn sie eine Buchung vornehmen oder uns per Telefon, E-Mail oder Chat kontaktieren.<\/p>\n<p>Unsere Website und\/oder unser Dienst haben nicht die Absicht, Daten von Website-Besuchern zu sammeln, die unter 16 Jahre alt sind. Es sei denn, sie haben die Zustimmung ihrer Eltern oder Erziehungsberechtigten. Wir k\u00f6nnen jedoch nicht \u00fcberpr\u00fcfen, ob ein Besucher \u00e4lter als 16 Jahre ist. Wir raten daher den Eltern, die Online-Aktivit\u00e4ten ihrer Kinder zu \u00fcberwachen, um zu vermeiden, dass Daten von Kindern ohne elterliche Zustimmung erfasst werden. Wenn Sie davon \u00fcberzeugt sind, dass wir personenbezogene Daten \u00fcber einen Minderj\u00e4hrigen ohne eine solche Zustimmung gesammelt haben, wenden Sie sich bitte an info@123helikoptervluchten.nl, und wir werden diese Informationen l\u00f6schen.<\/p>\n<p><strong>Zu welchem Zweck und auf welcher Grundlage wir personenbezogene Daten verarbeiten<\/strong><br \/>\nHeliQopter Services verarbeitet Ihre personenbezogenen Daten f\u00fcr folgende Zwecke:<br \/>\n- Abwicklung Ihrer Zahlung<br \/>\n- Zusendung unseres Newsletters und\/oder Werbeprospekts<br \/>\n- Sie anzurufen oder per E-Mail zu kontaktieren, wenn dies zur Erbringung unserer Dienstleistungen erforderlich ist<br \/>\n- Information \u00fcber \u00c4nderungen an unseren Dienstleistungen und Produkten<br \/>\n- Erm\u00f6glicht die Erstellung eines Kontos<br \/>\n- Um Ihnen Waren und Dienstleistungen zu liefern<br \/>\n- HeliQopter Services analysiert Ihr Verhalten auf der Website, um die Website zu verbessern und das Angebot an Produkten und Dienstleistungen auf Ihre Pr\u00e4ferenzen zuzuschneiden.<br \/>\n- HeliQopter Services verarbeitet auch personenbezogene Daten, wenn wir gesetzlich dazu verpflichtet sind, wie z. B. Daten, die wir f\u00fcr unsere Steuererkl\u00e4rung ben\u00f6tigen.<\/p>\n<p><strong>Wie lange wir personenbezogene Daten aufbewahren<br \/>\n<\/strong>HeliQopter Services bewahrt Ihre personenbezogenen Daten nicht l\u00e4nger auf, als es f\u00fcr die Erf\u00fcllung der Zwecke, f\u00fcr die Ihre Daten erhoben wurden, unbedingt erforderlich ist. Wir verwenden die folgenden Aufbewahrungsfristen f\u00fcr die folgenden (Kategorien von) personenbezogenen Daten:<\/p>\n<p>Pers\u00f6nliche Daten &gt; 7 Jahre &gt; obligatorisch f\u00fcr die Steuerbeh\u00f6rden<br \/>\nAuftragsdaten &gt; 7 Jahre &gt; Pflicht f\u00fcr die Steuerbeh\u00f6rden<br \/>\nChats &gt; 3 Jahre &gt; Um Sie gut zu bedienen, basierend auf fr\u00fcheren Gespr\u00e4chen<br \/>\nTelefonnummern &gt; 3 Jahre &gt; Um Ihnen einen guten Service zu bieten, der auf fr\u00fcheren Gespr\u00e4chen basiert. Telefongespr\u00e4che werden nicht aufgezeichnet.<br \/>\nE-Mails &gt; 3 Jahre &gt; Um Sie auf der Grundlage fr\u00fcherer Gespr\u00e4che gut zu bedienen<\/p>\n<p><strong>Weitergabe personenbezogener Daten an Dritte<\/strong><br \/>\nHeliQopter Services gibt Ihre pers\u00f6nlichen Daten an verschiedene Dritte weiter, wenn dies f\u00fcr die Erf\u00fcllung des Vertrages und zur Einhaltung gesetzlicher Verpflichtungen erforderlich ist. Mit Unternehmen, die Ihre Daten in unserem Auftrag verarbeiten, schlie\u00dfen wir einen Verarbeitungsvertrag ab, um das gleiche Ma\u00df an Sicherheit und Vertraulichkeit Ihrer Daten zu gew\u00e4hrleisten. HeliQopter Services bleibt f\u00fcr diese Verarbeitung verantwortlich. Dar\u00fcber hinaus gibt HeliQopter Services Ihre pers\u00f6nlichen Daten an andere Dritte weiter. Wir tun dies nur mit Ihrer ausdr\u00fccklichen Zustimmung.<\/p>\n<p>Livechat &gt; Wir verwenden dieses Tool, um mit Ihnen auf unserer Website zu chatten. Wir haben einen Verarbeitungsvertrag mit Livechat abgeschlossen. Diese enth\u00e4lt strenge Vereinbarungen dar\u00fcber, was sie verfolgen d\u00fcrfen.<br \/>\nGoogle Analytics &gt; Wir verwenden Google Analytics, um zu verfolgen, wie Besucher unsere Website nutzen. Wir haben einen Verarbeitungsvertrag mit Google abgeschlossen. Diese enth\u00e4lt strenge Vereinbarungen dar\u00fcber, was sie verfolgen d\u00fcrfen.<br \/>\nMicrosoft Clarity &gt; Wir verwenden Microsoft Clarity, um zu verfolgen, wie Besucher unsere Website nutzen. Wir haben einen Vertrag mit Microsoft Clarity abgeschlossen. Dieser enth\u00e4lt strenge Vereinbarungen dar\u00fcber, was sie verfolgen d\u00fcrfen.<\/p>\n<p><strong>Cookies oder \u00e4hnliche Techniken, die wir verwenden<\/strong><\/p>\n<p>HeliQopter Services verwendet funktionale, analytische und Tracking-Cookies. Ein Cookie ist eine kleine Textdatei, die im Browser Ihres Computers, Tablets oder Smartphones gespeichert wird, wenn Sie diese Website zum ersten Mal besuchen. HeliQopter Services verwendet Cookies mit einer rein technischen Funktion. Diese sorgen daf\u00fcr, dass die Website ordnungsgem\u00e4\u00df funktioniert und dass beispielsweise Ihre Pr\u00e4ferenzen gespeichert werden. Diese Cookies werden auch verwendet, um das Funktionieren der Website zu gew\u00e4hrleisten und sie zu optimieren. Au\u00dferdem platzieren wir Cookies, die Ihr Surfverhalten verfolgen, damit wir Ihnen ma\u00dfgeschneiderte Inhalte und Werbung anbieten k\u00f6nnen.<\/p>\n<p>Bei Ihrem ersten Besuch auf unserer Website haben wir Sie bereits \u00fcber diese Cookies informiert und um Ihr Einverst\u00e4ndnis gebeten, sie zu setzen.<\/p>\n<p><a href=\"#\" data-cc=\"c-settings\">Ihre Cookie-Einstellungen anzeigen<\/a><\/p>\n<p>Sie k\u00f6nnen die Verwendung von Cookies ablehnen, indem Sie Ihren Internet-Browser so einstellen, dass keine Cookies mehr gespeichert werden. Dar\u00fcber hinaus k\u00f6nnen Sie \u00fcber die Einstellungen Ihres Browsers alle zuvor gespeicherten Informationen l\u00f6schen.<\/p>\n<p><strong>Cookies werden auch von Dritten auf dieser Website gesetzt. Dazu geh\u00f6ren z. B. Werbetreibende und\/oder die Unternehmen der sozialen Medien. Nachstehend finden Sie eine \u00dcbersicht:<br \/>\n<\/strong>Unsere Website verwendet Cookies. Cookies sind kleine Dateien, in denen wir Informationen speichern k\u00f6nnen, damit Sie sie nicht jedes Mal ausf\u00fcllen m\u00fcssen. Sie erm\u00f6glichen es uns aber auch zu sehen, dass Sie uns wieder besuchen. Wenn Sie unsere Website zum ersten Mal besuchen, zeigen wir eine Nachricht an, in der wir die Cookies erkl\u00e4ren. Wenn Sie unsere Website danach weiter nutzen, gehen wir davon aus, dass Sie keine Einw\u00e4nde gegen Cookies haben. Sie k\u00f6nnen Cookies \u00fcber Ihren Browser deaktivieren, aber einige Funktionen unserer Website werden dann nicht mehr richtig funktionieren. Wir haben Vereinbarungen mit anderen Unternehmen getroffen, die Cookies setzen. Wir haben jedoch keine vollst\u00e4ndige Kontrolle dar\u00fcber, was sie selbst mit Cookies machen. Bitte lesen Sie daher auch deren Datenschutzerkl\u00e4rungen.<\/p>\n<p><strong>Daten ansehen, \u00e4ndern oder l\u00f6schen<\/strong><br \/>\nSie haben das Recht auf Zugang, Berichtigung oder L\u00f6schung Ihrer personenbezogenen Daten. Sie haben auch das Recht, Ihre eventuelle Zustimmung zur Datenverarbeitung zur\u00fcckzuziehen oder der Verarbeitung Ihrer personenbezogenen Daten durch HeliQopter Services zu widersprechen, und Sie haben das Recht auf Daten\u00fcbertragbarkeit. Dies bedeutet, dass Sie bei uns beantragen k\u00f6nnen, dass die personenbezogenen Daten, die wir \u00fcber Sie in einer Computerdatei gespeichert haben, an Sie oder eine andere von Ihnen benannte Organisation \u00fcbermittelt werden.<\/p>\n<p>Sie k\u00f6nnen einen Antrag auf Zugang, Berichtigung, L\u00f6schung oder \u00dcbertragung Ihrer personenbezogenen Daten oder auf Widerruf Ihrer Einwilligung oder Widerspruch gegen die Verarbeitung Ihrer personenbezogenen Daten an info@123helikoptervluchten.nl richten.<\/p>\n<p>Um sicherzustellen, dass der Antrag auf Einsichtnahme von Ihnen gestellt wird, bitten wir Sie, dem Antrag eine Kopie Ihres Identit\u00e4tsnachweises beizuf\u00fcgen. Schw\u00e4rzen Sie auf dieser Kopie Ihr Passfoto, die MRZ (maschinenlesbare Zone, der Zahlenstreifen am unteren Rand des Passes), die Passnummer und die B\u00fcrgerservicenummer (BSN). Dies dient dem Schutz Ihrer Privatsph\u00e4re. Wir werden Ihren Antrag so schnell wie m\u00f6glich, jedoch innerhalb von vier Wochen, beantworten.<\/p>\n<p>HeliQopter Services m\u00f6chte Sie auch dar\u00fcber informieren, dass Sie die M\u00f6glichkeit haben, eine Beschwerde bei der nationalen Aufsichtsbeh\u00f6rde, der Beh\u00f6rde f\u00fcr personenbezogene Daten, einzureichen. Sie k\u00f6nnen dies \u00fcber den folgenden Link tun: https:\/\/autoriteitpersoonsgegevens.nl\/nl\/contact-met-de-autoriteit-persoonsgegevens\/tip-ons<\/p>\n<p><strong>Wie wir personenbezogene Daten sch\u00fctzen<\/strong><br \/>\nHeliQopter Services nimmt den Schutz Ihrer Daten ernst und ergreift geeignete Ma\u00dfnahmen, um Missbrauch, Verlust, unbefugten Zugriff, unerw\u00fcnschte Offenlegung und unbefugte Ver\u00e4nderung zu verhindern. Wenn Sie den Eindruck haben, dass Ihre Daten nicht ordnungsgem\u00e4\u00df gesichert sind oder es Anzeichen f\u00fcr einen Missbrauch gibt, wenden Sie sich bitte an unseren Kundendienst oder \u00fcber info@123helikoptervluchten.nl<\/p>\n<\/div>\n<div class=\"gap\"><\/div>","protected":false},"excerpt":{"rendered":"<p>Datenschutzerkl\u00e4rung HeliQopter Services mit Sitz in Vliersingel 30, 8082 CH Elburg, Niederlande, ist verantwortlich f\u00fcr die Verarbeitung personenbezogener Daten, wie in dieser Datenschutzerkl\u00e4rung beschrieben. Kontaktangaben: HeliQopter Services www.123helikoptervluchten.nl Oder 20 - Postbus E7710 2491 DC Den Haag Die Niederlande +31707007878 W. Boerendans ist der Datenschutzbeauftragte von HeliQopter Services, den Sie unter [...] erreichen k\u00f6nnen.<\/p>","protected":false},"author":10,"featured_media":0,"parent":0,"menu_order":0,"comment_status":"closed","ping_status":"closed","template":"","meta":{"_acf_changed":false,"footnotes":""},"class_list":["post-3","page","type-page","status-publish","hentry"],"acf":[],"_links":{"self":[{"href":"https:\/\/123helikoptervluchten.nl\/de\/wp-json\/wp\/v2\/pages\/3","targetHints":{"allow":["GET"]}}],"collection":[{"href":"https:\/\/123helikoptervluchten.nl\/de\/wp-json\/wp\/v2\/pages"}],"about":[{"href":"https:\/\/123helikoptervluchten.nl\/de\/wp-json\/wp\/v2\/types\/page"}],"author":[{"embeddable":true,"href":"https:\/\/123helikoptervluchten.nl\/de\/wp-json\/wp\/v2\/users\/10"}],"replies":[{"embeddable":true,"href":"https:\/\/123helikoptervluchten.nl\/de\/wp-json\/wp\/v2\/comments?post=3"}],"version-history":[{"count":0,"href":"https:\/\/123helikoptervluchten.nl\/de\/wp-json\/wp\/v2\/pages\/3\/revisions"}],"wp:attachment":[{"href":"https:\/\/123helikoptervluchten.nl\/de\/wp-json\/wp\/v2\/media?parent=3"}],"curies":[{"name":"wp","href":"https:\/\/api.w.org\/{rel}","templated":true}]}}