{"id":20374,"date":"2025-05-28T18:34:20","date_gmt":"2025-05-28T16:34:20","guid":{"rendered":"https:\/\/123helikoptervluchten.nl\/?page_id=20374"},"modified":"2025-10-15T14:43:07","modified_gmt":"2025-10-15T12:43:07","slug":"hubschrauberflug-angebot","status":"publish","type":"page","link":"https:\/\/123helikoptervluchten.nl\/de\/hubschrauberflug-angebot\/","title":{"rendered":"Angebot Hubschrauberflug"},"content":{"rendered":"<p><strong>Erleben Sie das Abenteuer Ihres Lebens mit 15 Euro f\u00fcr einen Hubschrauberflug! Profitieren Sie noch heute von diesem Hubschrauberflug-Angebot.<\/strong><\/p>\n<p>Klicken Sie auf die Schaltfl\u00e4che unten und der Rabattcode wird sofort in Ihrem Einkaufskorb aktiv.<\/p>\n<p class=\"mb-3\"><a class=\"blog-cta\" href=\"https:\/\/123helikoptervluchten.nl\/de\/?coupon=fuuftieneuro\">\u2728 Rabattcode verwenden<\/a><\/p>\n<p><em>Der Code wird an der Kasse automatisch aktiviert.<\/em><\/p>\n<p>Wollten Sie schon immer wissen, wie es sich anf\u00fchlt, wie ein Vogel \u00fcber der Landschaft zu schweben? Dann ist es jetzt an der Zeit, diesen Traum wahr werden zu lassen! Bei 123helicopterflights profitieren Sie jetzt vor\u00fcbergehend von einem Rabatt von auf einen unvergesslichen Hubschrauberflug.<\/p>\n<p>Stellen Sie sich das Brummen des Rotors vor, das Adrenalin, das durch Ihren K\u00f6rper str\u00f6mt, und dann - die Aussicht. Ob Sie sich f\u00fcr einen Flug \u00fcber die Stadt, den Strand oder die Landschaft entscheiden, aus der Luft sieht alles noch beeindruckender aus. Dieses Erlebnis ist nicht nur ein ideales Geschenk f\u00fcr Sie selbst, sondern auch ein originelles Geschenk f\u00fcr einen Geburtstag, ein Jubil\u00e4um oder den Vatertag.<\/p>\n<p>123helicopter Flights ist bekannt f\u00fcr seine professionellen Piloten, seine modernen Flugzeuge und seinen hervorragenden Service. Sicherheit und Erfahrung stehen immer an erster Stelle. Dank der aktuellen Aktion k\u00f6nnen Sie dieses einzigartige Erlebnis jetzt besonders g\u00fcnstig genie\u00dfen.<\/p>\n<h2>Hubschrauberfliegen zu einem g\u00fcnstigen Preis<\/h2>\n<p>Seien Sie schnell, denn dieses Angebot ist nur f\u00fcr eine begrenzte Zeit g\u00fcltig. Buchen Sie Ihren Flug noch heute \u00fcber <u><a href=\"https:\/\/123helikoptervluchten.nl\/de\/?coupon=fuuftieneuro\">dieser Link<\/a><\/u> und der Rabatt wird automatisch auf Ihren Flug angerechnet, oder verwenden Sie den Rabattcode '<strong>FUUFTIENEURO<\/strong>'. (Wilfred kommt aus der Veluwe \ud83d\ude09 ) Auf diese Weise k\u00f6nnen Sie sich einen Platz im Himmel sichern - mit einem Rabatt von 15 Euro!<\/p>\n<p>Trauen Sie sich, die Niederlande aus einer anderen Perspektive zu sehen? Ergreifen Sie diese Chance und erleben Sie ein Abenteuer, das Ihnen noch lange in Erinnerung bleiben wird.<br \/>\n123helicopter Flights - Ihr Ticket in die L\u00fcfte! \u2708\ufe0f\ud83d\ude81<\/p>\n<p>Bitte beachten Sie, dass der Rabatt nur f\u00fcr ausgew\u00e4hlte Fl\u00fcge gilt und nur solange der Vorrat reicht.<\/p>\n<h2>H\u00e4ufig gestellte Fragen zum Hubschrauberflug-Rabatt<\/h2>\n<div id=\"rank-math-rich-snippet-wrapper\"><div id=\"rank-math-faq\" class=\"rank-math-block\">\n<div class=\"rank-math-list\">\n<div id=\"faq-1\" class=\"rank-math-list-item\">\n<h3 class=\"rank-math-question\">Wie lange ist ein Rabattcode oder Gutschein g\u00fcltig?<\/h3>\n<div class=\"rank-math-answer\">\n\n<p>Die meisten Gutscheine und Geschenkgutscheine von 123Helicopter Flights sind nach dem Kauf 1 Jahr lang g\u00fcltig. Dies bietet Flexibilit\u00e4t, um einen passenden Termin zu planen oder den Gutschein ohne unmittelbaren Zeitdruck zu verschenken. Die genaue G\u00fcltigkeitsdauer ist auf dem Gutschein vermerkt. Oder w\u00e4hlen Sie direkt ein Datum, an dem Sie fliegen m\u00f6chten.<\/p>\n\n<\/div>\n<\/div>\n<div id=\"faq-2\" class=\"rank-math-list-item\">\n<h3 class=\"rank-math-question\">Haben Sie immer Hubschrauberflugangebote?<\/h3>\n<div class=\"rank-math-answer\">\n\n<p>Nein, wir haben befristete Angebote. Diese werden auf unserer Angebotsseite angezeigt. So k\u00f6nnen Sie regelm\u00e4\u00dfig von starken Rabatten auf Hubschrauberfl\u00fcge profitieren. Behalten Sie die Seite genau im Auge, denn die Aktionen sind begrenzt und weg = weg!<\/p>\n\n<\/div>\n<\/div>\n<div id=\"faq-3\" class=\"rank-math-list-item\">\n<h3 class=\"rank-math-question\">Kann ich mit einem Hubschrauberflugangebot \u00fcberall einsteigen?<\/h3>\n<div class=\"rank-math-answer\">\n\n<p>Ja, wir haben viele Einstiegsorte und Sie k\u00f6nnen w\u00e4hlen, wo Sie einsteigen m\u00f6chten. Beliebte Abfahrtsorte sind Hilversum, Harskamp (Veluwe), Lelystad und Emmen (im Norden des Landes).<\/p>\n\n<\/div>\n<\/div>\n<\/div>\n<\/div><\/div>","protected":false},"excerpt":{"rendered":"<p>Beleef het avontuur van je leven met 15 euro op een helikoptervlucht! Profiteer vandaag nog van deze helikoptervlucht aanbieding. Klik op de onderstaande button en de kortingscode is direct actief in je winkelmandje. \u2728 Gebruik kortingscode De code is automatisch actief bij het afrekenen Altijd al eens willen weten hoe het voelt om als een [&hellip;]<\/p>","protected":false},"author":4,"featured_media":0,"parent":0,"menu_order":0,"comment_status":"closed","ping_status":"closed","template":"","meta":{"_acf_changed":false,"footnotes":""},"class_list":["post-20374","page","type-page","status-publish","hentry"],"acf":[],"_links":{"self":[{"href":"https:\/\/123helikoptervluchten.nl\/de\/wp-json\/wp\/v2\/pages\/20374","targetHints":{"allow":["GET"]}}],"collection":[{"href":"https:\/\/123helikoptervluchten.nl\/de\/wp-json\/wp\/v2\/pages"}],"about":[{"href":"https:\/\/123helikoptervluchten.nl\/de\/wp-json\/wp\/v2\/types\/page"}],"author":[{"embeddable":true,"href":"https:\/\/123helikoptervluchten.nl\/de\/wp-json\/wp\/v2\/users\/4"}],"replies":[{"embeddable":true,"href":"https:\/\/123helikoptervluchten.nl\/de\/wp-json\/wp\/v2\/comments?post=20374"}],"version-history":[{"count":0,"href":"https:\/\/123helikoptervluchten.nl\/de\/wp-json\/wp\/v2\/pages\/20374\/revisions"}],"wp:attachment":[{"href":"https:\/\/123helikoptervluchten.nl\/de\/wp-json\/wp\/v2\/media?parent=20374"}],"curies":[{"name":"wp","href":"https:\/\/api.w.org\/{rel}","templated":true}]}}