{"id":20158,"date":"2025-03-21T11:46:38","date_gmt":"2025-03-21T10:46:38","guid":{"rendered":"https:\/\/123helikoptervluchten.nl\/?page_id=20158"},"modified":"2025-03-21T11:46:38","modified_gmt":"2025-03-21T10:46:38","slug":"vielen-dank-fur-ihre-zahlung","status":"publish","type":"page","link":"https:\/\/123helikoptervluchten.nl\/de\/vielen-dank-fur-ihre-zahlung\/","title":{"rendered":"Vielen Dank f\u00fcr Ihre Zahlung!"},"content":{"rendered":"<p data-start=\"49\" data-end=\"78\"><strong data-start=\"49\" data-end=\"78\">Vielen Dank f\u00fcr Ihre Zahlung!<\/strong><\/p>\n<p data-start=\"80\" data-end=\"255\">Wir werden Sie innerhalb von 24 Stunden per E-Mail kontaktieren. Bitte achten Sie in der Zwischenzeit auch auf Ihren Junk-Mail- oder Spam-Ordner - unsere Antwort k\u00f6nnte dort landen.<\/p>\n<p data-start=\"257\" data-end=\"292\">Ich w\u00fcnsche Ihnen einen sch\u00f6nen Tag! \ud83d\ude81<\/p>","protected":false},"excerpt":{"rendered":"<p>Vielen Dank f\u00fcr Ihre Zahlung! Wir werden Sie innerhalb von 24 Stunden per E-Mail kontaktieren. In der Zwischenzeit achten Sie bitte auch auf Ihren Junk-Mail- oder Spam-Ordner - unsere Antwort k\u00f6nnte dort landen. Wir w\u00fcnschen Ihnen einen sch\u00f6nen Tag! \ud83d\ude81<\/p>","protected":false},"author":3,"featured_media":0,"parent":0,"menu_order":0,"comment_status":"closed","ping_status":"closed","template":"","meta":{"_acf_changed":false,"footnotes":""},"class_list":["post-20158","page","type-page","status-publish","hentry"],"acf":[],"_links":{"self":[{"href":"https:\/\/123helikoptervluchten.nl\/de\/wp-json\/wp\/v2\/pages\/20158","targetHints":{"allow":["GET"]}}],"collection":[{"href":"https:\/\/123helikoptervluchten.nl\/de\/wp-json\/wp\/v2\/pages"}],"about":[{"href":"https:\/\/123helikoptervluchten.nl\/de\/wp-json\/wp\/v2\/types\/page"}],"author":[{"embeddable":true,"href":"https:\/\/123helikoptervluchten.nl\/de\/wp-json\/wp\/v2\/users\/3"}],"replies":[{"embeddable":true,"href":"https:\/\/123helikoptervluchten.nl\/de\/wp-json\/wp\/v2\/comments?post=20158"}],"version-history":[{"count":0,"href":"https:\/\/123helikoptervluchten.nl\/de\/wp-json\/wp\/v2\/pages\/20158\/revisions"}],"wp:attachment":[{"href":"https:\/\/123helikoptervluchten.nl\/de\/wp-json\/wp\/v2\/media?parent=20158"}],"curies":[{"name":"wp","href":"https:\/\/api.w.org\/{rel}","templated":true}]}}