{"id":19962,"date":"2024-12-22T17:53:30","date_gmt":"2024-12-22T16:53:30","guid":{"rendered":"https:\/\/123helikoptervluchten.nl\/?page_id=19962"},"modified":"2024-12-22T17:53:30","modified_gmt":"2024-12-22T16:53:30","slug":"belegfehler","status":"publish","type":"page","link":"https:\/\/123helikoptervluchten.nl\/de\/belegfehler\/","title":{"rendered":"Voucher-Fehler"},"content":{"rendered":"<p><strong>Ups, da ist etwas schief gelaufen!<\/strong><br \/>\nEs scheint, dass die \u00dcbermittlung Ihrer Gutscheindaten nicht geklappt hat. Machen Sie sich keine Sorgen, Sie k\u00f6nnen es erneut versuchen oder uns \u00fcber unser <a href=\"\/de\/contact\/\">Kontaktseite<\/a>.<\/p>\n<p>Um Ihnen so schnell wie m\u00f6glich helfen zu k\u00f6nnen, bitten wir Sie um die folgenden Angaben:<\/p>\n<ul>\n<li>Ihr <strong>vollst\u00e4ndiger Name<\/strong><\/li>\n<li>Ihr <strong>E-Mail Adresse<\/strong><\/li>\n<li><strong>Nummer des Mobiltelefons<\/strong> (die am Flugtag selbst zug\u00e4nglich ist)<\/li>\n<li>Die <strong>Bestellnummer<\/strong> auf dem Beleg<\/li>\n<li>Die <strong>Ticket-Code<\/strong> auf dem Beleg<\/li>\n<li>Zwei m\u00f6gliche <strong>bevorzugte Termine<\/strong> mit dem Sie fliegen m\u00f6chten<\/li>\n<\/ul>\n<p>Wir sind bereit, Ihnen zu helfen und daf\u00fcr zu sorgen, dass Sie schnell wieder einsatzbereit sind!<\/p>","protected":false},"excerpt":{"rendered":"<p>Ups, da ist etwas schief gelaufen! Es scheint, dass die \u00dcbermittlung Ihrer Gutscheindaten nicht geklappt hat. Keine Sorge, Sie k\u00f6nnen es noch einmal versuchen oder uns \u00fcber unsere Kontaktseite kontaktieren. Um Ihnen so schnell wie m\u00f6glich helfen zu k\u00f6nnen, geben Sie bitte folgende Daten an: Ihr Vor- und Nachname Ihr [...]<\/p>","protected":false},"author":3,"featured_media":0,"parent":0,"menu_order":0,"comment_status":"closed","ping_status":"closed","template":"","meta":{"_acf_changed":false,"footnotes":""},"class_list":["post-19962","page","type-page","status-publish","hentry"],"acf":[],"_links":{"self":[{"href":"https:\/\/123helikoptervluchten.nl\/de\/wp-json\/wp\/v2\/pages\/19962","targetHints":{"allow":["GET"]}}],"collection":[{"href":"https:\/\/123helikoptervluchten.nl\/de\/wp-json\/wp\/v2\/pages"}],"about":[{"href":"https:\/\/123helikoptervluchten.nl\/de\/wp-json\/wp\/v2\/types\/page"}],"author":[{"embeddable":true,"href":"https:\/\/123helikoptervluchten.nl\/de\/wp-json\/wp\/v2\/users\/3"}],"replies":[{"embeddable":true,"href":"https:\/\/123helikoptervluchten.nl\/de\/wp-json\/wp\/v2\/comments?post=19962"}],"version-history":[{"count":0,"href":"https:\/\/123helikoptervluchten.nl\/de\/wp-json\/wp\/v2\/pages\/19962\/revisions"}],"wp:attachment":[{"href":"https:\/\/123helikoptervluchten.nl\/de\/wp-json\/wp\/v2\/media?parent=19962"}],"curies":[{"name":"wp","href":"https:\/\/api.w.org\/{rel}","templated":true}]}}