{"id":19958,"date":"2024-12-22T17:45:28","date_gmt":"2024-12-22T16:45:28","guid":{"rendered":"https:\/\/123helikoptervluchten.nl\/?page_id=19958"},"modified":"2025-08-01T16:53:23","modified_gmt":"2025-08-01T14:53:23","slug":"gutschein-dank","status":"publish","type":"page","link":"https:\/\/123helikoptervluchten.nl\/de\/gutschein-dank\/","title":{"rendered":"Ich danke Ihnen!"},"content":{"rendered":"<p><strong>Vielen Dank f\u00fcr die Einsendung Ihrer Gutscheindaten!<\/strong><br \/>\nWir werden Sie innerhalb von 24 Stunden per E-Mail kontaktieren. Bitte achten Sie in den n\u00e4chsten 24 Stunden auch auf Ihren Junk-Mail- oder Spam-Ordner. Unsere Antwort k\u00f6nnte dort landen.<\/p>\n<p>\ud83d\udca1 <strong>\u00c4ndern Sie noch etwas, nachdem Sie diesen Gutschein eingereicht haben?<\/strong><br \/>\nStellen Sie sicher, dass Sie nicht festsitzen, wenn sich Ihre Pl\u00e4ne unerwartet \u00e4ndern. Mit einer R\u00fccktrittsversicherung k\u00f6nnen Sie Ihren Flug bis zu 48 Stunden im Voraus kostenlos umbuchen.<\/p>\n<div class=\"col-12 d-flex justify-content-center justify-content-xl-start mt-3\">\n  <a class=\"order px-4 py-3 d-inline-flex align-items-center\"\n     href=\"https:\/\/123helikoptervluchten.nl\/de\/annuleringsverzekering\/\"\n     target=\"_blank\" rel=\"noopener\"\n     style=\"min-width: 320px; text-decoration: none;\"><br \/>\n    <span class=\"me-3 wobble-icon\" style=\"font-size: 1.2rem;\">\ud83d\ude81<\/span><br \/>\n    <span style=\"font-weight: 600;\">Jetzt R\u00fccktrittsversicherung hinzuf\u00fcgen<\/span><br \/>\n  <\/a>\n<\/div>\n<div style=\"margin-top: 2rem;\"><\/div>\n<p>Wir w\u00fcnschen Ihnen eine <em>Heli<\/em> Einen sch\u00f6nen Tag noch! \ud83d\ude81<\/p>","protected":false},"excerpt":{"rendered":"<p>Vielen Dank f\u00fcr die \u00dcbermittlung Ihrer Gutscheindaten! Wir werden Sie innerhalb von 24 Stunden per E-Mail kontaktieren. Bitte achten Sie in den n\u00e4chsten 24 Stunden auch auf Ihren Junk-Mail- oder Spam-Ordner. Unsere Antwort k\u00f6nnte dort landen. \ud83d\udca1 M\u00f6chten Sie nach dem Einreichen des Gutscheins noch etwas \u00e4ndern? Stellen Sie sicher, dass Sie [...]<\/p>","protected":false},"author":3,"featured_media":0,"parent":0,"menu_order":0,"comment_status":"closed","ping_status":"closed","template":"","meta":{"_acf_changed":false,"footnotes":""},"class_list":["post-19958","page","type-page","status-publish","hentry"],"acf":[],"_links":{"self":[{"href":"https:\/\/123helikoptervluchten.nl\/de\/wp-json\/wp\/v2\/pages\/19958","targetHints":{"allow":["GET"]}}],"collection":[{"href":"https:\/\/123helikoptervluchten.nl\/de\/wp-json\/wp\/v2\/pages"}],"about":[{"href":"https:\/\/123helikoptervluchten.nl\/de\/wp-json\/wp\/v2\/types\/page"}],"author":[{"embeddable":true,"href":"https:\/\/123helikoptervluchten.nl\/de\/wp-json\/wp\/v2\/users\/3"}],"replies":[{"embeddable":true,"href":"https:\/\/123helikoptervluchten.nl\/de\/wp-json\/wp\/v2\/comments?post=19958"}],"version-history":[{"count":0,"href":"https:\/\/123helikoptervluchten.nl\/de\/wp-json\/wp\/v2\/pages\/19958\/revisions"}],"wp:attachment":[{"href":"https:\/\/123helikoptervluchten.nl\/de\/wp-json\/wp\/v2\/media?parent=19958"}],"curies":[{"name":"wp","href":"https:\/\/api.w.org\/{rel}","templated":true}]}}