{"id":18902,"date":"2023-09-14T19:39:11","date_gmt":"2023-09-14T17:39:11","guid":{"rendered":"https:\/\/123helikoptervluchten.nl\/?page_id=18902"},"modified":"2025-05-01T17:04:23","modified_gmt":"2025-05-01T15:04:23","slug":"ervaringen","status":"publish","type":"page","link":"https:\/\/123helikoptervluchten.nl\/de\/ervaringen\/","title":{"rendered":"Kundenerfahrungen"},"content":{"rendered":"<section class=\"container-fluid comments\">\n<div class=\"row\">\n<div class=\"d-flex flex-column flex-lg-row justify-content-between align-items-center max-content title-section px-4\">\n<h2>Kundenerfahrungen<\/h2>\n<p><a class=\"leavereview\" href=\"https:\/\/g.page\/helikoptervlucht\/review?rc\" target=\"_blank\" rel=\"noopener nofollow\"><br \/>\n<img decoding=\"async\" src=\"https:\/\/123helikoptervluchten.nl\/wp-content\/themes\/123h\/img\/button-arrow-orange.svg\" alt=\"Pfeil\" width=\"16\" height=\"17\" title=\"\"><span class=\"ms-2\">Hinterlassen Sie auch eine Bewertung<\/span><br \/>\n<\/a><\/p>\n<\/div>\n<div class=\"row max-content\">Wir hei\u00dfen unsere Kunden willkommen. Nach einem besonderen Erlebnis eines Hubschrauberfluges oder einer Hubschrauberschnupperstunde bitten wir unsere Kunden, sich 1 Minute Zeit zu nehmen, um eine Bewertung \u00fcber ihr einzigartiges Erlebnis zu senden. Nachfolgend finden Sie die 30 aktuellsten Erfahrungen und Empfehlungen f\u00fcr einen Eindruck. Oft f\u00fcgen Kunden auch Fotos und Videos hinzu, die Sie finden k\u00f6nnen, wenn Sie uns auf Google Maps suchen.<\/div>\n<\/div>\n<\/section>\n<p>&nbsp;<\/p>\n<div data-src=\"https:\/\/cdn.trustindex.io\/loader.js?94d21111999f829bf186b15d76c\"><\/div>","protected":false},"excerpt":{"rendered":"<p>Kundenerfahrungen Hinterlassen Sie auch eine Bewertung Wir begr\u00fc\u00dfen unsere Kunden. Nach einem besonderen Erlebnis eines Hubschrauberfluges oder einer Hubschrauber-Schnupperstunde bitten wir unsere Kunden, sich 1 Minute Zeit zu nehmen, um eine Bewertung \u00fcber ihr einzigartiges Erlebnis zu senden. Nachstehend finden Sie die 30 aktuellsten Erfahrungen und Empfehlungen f\u00fcr [...]<\/p>","protected":false},"author":3,"featured_media":0,"parent":0,"menu_order":0,"comment_status":"closed","ping_status":"closed","template":"","meta":{"_acf_changed":false,"footnotes":""},"class_list":["post-18902","page","type-page","status-publish","hentry"],"acf":[],"_links":{"self":[{"href":"https:\/\/123helikoptervluchten.nl\/de\/wp-json\/wp\/v2\/pages\/18902","targetHints":{"allow":["GET"]}}],"collection":[{"href":"https:\/\/123helikoptervluchten.nl\/de\/wp-json\/wp\/v2\/pages"}],"about":[{"href":"https:\/\/123helikoptervluchten.nl\/de\/wp-json\/wp\/v2\/types\/page"}],"author":[{"embeddable":true,"href":"https:\/\/123helikoptervluchten.nl\/de\/wp-json\/wp\/v2\/users\/3"}],"replies":[{"embeddable":true,"href":"https:\/\/123helikoptervluchten.nl\/de\/wp-json\/wp\/v2\/comments?post=18902"}],"version-history":[{"count":0,"href":"https:\/\/123helikoptervluchten.nl\/de\/wp-json\/wp\/v2\/pages\/18902\/revisions"}],"wp:attachment":[{"href":"https:\/\/123helikoptervluchten.nl\/de\/wp-json\/wp\/v2\/media?parent=18902"}],"curies":[{"name":"wp","href":"https:\/\/api.w.org\/{rel}","templated":true}]}}