{"id":17912,"date":"2022-11-01T14:46:07","date_gmt":"2022-11-01T13:46:07","guid":{"rendered":"https:\/\/123helikoptervluchten.nl\/?page_id=17912"},"modified":"2022-12-09T13:42:15","modified_gmt":"2022-12-09T12:42:15","slug":"helikopter-tours","status":"publish","type":"page","link":"https:\/\/123helikoptervluchten.nl\/de\/tour\/","title":{"rendered":"Hubschrauber-Touren"},"content":{"rendered":"<h2>\u00dcberraschen Sie Freunde oder Gesch\u00e4ftspartner mit einem Hubschrauberflug<\/h2>\n<p>Sie m\u00f6chten Ihrer St\u00e4dtereise mit der Familie oder einem Ausflug mit Freunden eine besondere Note verleihen? Dann buchen Sie einen Hubschrauberflug. Sie k\u00f6nnen dies von den Niederlanden aus tun. Sie erhalten rechtzeitig vor Ihrem Abflug eine Best\u00e4tigung f\u00fcr den Flug. Nat\u00fcrlich fliegen wir nur, wenn die Wetterbedingungen es zulassen, denn Sicherheit steht immer an erster Stelle. Sie fliegen mit einem erfahrenen Piloten und haben die M\u00f6glichkeit, den Ort von allen Seiten zu sehen.<\/p>\n<h2>Spektakul\u00e4re Rundfl\u00fcge an den sch\u00f6nsten Orten<\/h2>\n<p>M\u00f6chten Sie bei Ihrem Besuch zum Beispiel <a href=\"https:\/\/123helikoptervluchten.nl\/de\/tour\/new-york\/\">New York<\/a> oder <a title=\"Hubschrauberflug Grand Canyon\" href=\"https:\/\/123helikoptervluchten.nl\/de\/tour\/grand-canyon\/\">Der Grand Canyon<\/a> in den USA? Dann buchen Sie einen Hubschrauberflug. Sehen Sie New York aus einem ganz anderen Blickwinkel als vom Boden aus. Sie sehen die Freiheitsstatue und den Standort der Zwillingst\u00fcrme, die bei den mutma\u00dflichen Anschl\u00e4gen vom 11. September 2001 zerst\u00f6rt wurden. Heute befindet sich an dieser Stelle eine Gedenkst\u00e4tte mit zwei hellen Scheinwerfern. Auch ein Besuch des Grand Canyon in Arizona ist m\u00f6glich. W\u00e4hrend des Fluges sehen Sie sowohl den North Rim als auch den South Rim mit atemberaubenden Ausblicken auf den hunderte Meter tiefen Canyon. Es ist sogar m\u00f6glich, durch den Grand Canyon zu fliegen.<\/p>\n<h2>Buchen Sie einen Hubschrauberrundflug<\/h2>\n<p>Oben finden Sie eine vollst\u00e4ndige \u00dcbersicht \u00fcber die M\u00f6glichkeiten f\u00fcr einen Rundflug mit dem Hubschrauber. Ob Sie nun die Niederlande von oben sehen m\u00f6chten oder einen Flug an einem Ort im Ausland suchen. Sie k\u00f6nnen sich auch nach ma\u00dfgeschneiderten Fl\u00fcgen erkundigen, wenn der Ort Ihrer Wahl nicht auf der Website zu finden ist. Es besteht auch die M\u00f6glichkeit, einen zus\u00e4tzlichen Transport zum und vom Flughafen zu buchen.<\/p>","protected":false},"excerpt":{"rendered":"<p>\u00dcberraschen Sie Freunde oder Gesch\u00e4ftspartner mit einem Hubschrauberflug M\u00f6chten Sie Ihrer St\u00e4dtereise mit der Familie oder einem Ausflug mit Freunden einen besonderen Glanz verleihen? Dann buchen Sie einen Hubschrauberflug. Sie k\u00f6nnen dies von den Niederlanden aus tun. Sie erhalten rechtzeitig vor Ihrem Abflug eine Best\u00e4tigung des Fluges. Nat\u00fcrlich fliegen wir nur, wenn die Wetterbedingungen es zulassen, [...]<\/p>","protected":false},"author":8,"featured_media":0,"parent":0,"menu_order":0,"comment_status":"closed","ping_status":"closed","template":"template-tours.php","meta":{"_acf_changed":false,"footnotes":""},"class_list":["post-17912","page","type-page","status-publish","hentry"],"acf":[],"_links":{"self":[{"href":"https:\/\/123helikoptervluchten.nl\/de\/wp-json\/wp\/v2\/pages\/17912","targetHints":{"allow":["GET"]}}],"collection":[{"href":"https:\/\/123helikoptervluchten.nl\/de\/wp-json\/wp\/v2\/pages"}],"about":[{"href":"https:\/\/123helikoptervluchten.nl\/de\/wp-json\/wp\/v2\/types\/page"}],"author":[{"embeddable":true,"href":"https:\/\/123helikoptervluchten.nl\/de\/wp-json\/wp\/v2\/users\/8"}],"replies":[{"embeddable":true,"href":"https:\/\/123helikoptervluchten.nl\/de\/wp-json\/wp\/v2\/comments?post=17912"}],"version-history":[{"count":0,"href":"https:\/\/123helikoptervluchten.nl\/de\/wp-json\/wp\/v2\/pages\/17912\/revisions"}],"wp:attachment":[{"href":"https:\/\/123helikoptervluchten.nl\/de\/wp-json\/wp\/v2\/media?parent=17912"}],"curies":[{"name":"wp","href":"https:\/\/api.w.org\/{rel}","templated":true}]}}