{"id":17460,"date":"2022-03-12T11:20:41","date_gmt":"2022-03-12T10:20:41","guid":{"rendered":"https:\/\/123helikoptervluchten.nl\/?page_id=17460"},"modified":"2024-04-04T12:14:05","modified_gmt":"2024-04-04T10:14:05","slug":"helikoptervlucht-tulpenvelden","status":"publish","type":"page","link":"https:\/\/123helikoptervluchten.nl\/de\/hubschrauberflug\/tulpenfelder\/","title":{"rendered":"Hubschrauberflug Tulpenfelder"},"content":{"rendered":"<p>Ein einzigartiger Ausflug, den Sie sich selbst oder jemand anderem schenken k\u00f6nnen, ist ein Hubschrauberflug \u00fcber die Tulpenfelder. Es spielt keine Rolle, wie alt Sie sind, ein Hubschrauberflug ist f\u00fcr jeden ein besonderes Erlebnis. Und mit einem Hubschrauberflug Tulpenfelder k\u00f6nnen Sie einen besonderen Ort der Niederlande aus der Luft sehen. Es gibt mehrere Orte, an denen Sie sch\u00f6ne Hubschrauberfl\u00fcge machen und die Tulpenfelder von oben betrachten k\u00f6nnen. Die Tulpen von oben zu sehen, macht einen Helikopterflug zu etwas ganz Besonderem.<\/p>\n<h2>Abholorte f\u00fcr den Hubschrauberflug \u00fcber die Tulpenfelder<\/h2>\n<p><a href=\"https:\/\/123helikoptervluchten.nl\/de\/hubschrauberflug\/bollenstreek\/\"><strong>Klicken Sie hier<\/strong> f\u00fcr Optionen und Preise von <strong>Hilversum Flughafen<\/strong> f\u00fcr die <strong>Zwiebelfelder <\/strong>in der Umwelt<strong> Lisse.<\/strong><\/a><\/p>\n<h2>Tulpen von oben betrachten<\/h2>\n<p>Ein Hubschrauberflug gibt Ihnen die M\u00f6glichkeit, die Niederlande von oben zu sehen. Aber ein Hubschrauberflug Tulpenfelder zeigt Ihnen mehr als nur die Stra\u00dfen und Gew\u00e4sser unseres Landes. Gerade die Tulpenfelder sehen aus der Luft besonders sch\u00f6n aus. Das Zusammenspiel der Farben und die Reihen voller Blumen sind nat\u00fcrlich schon vom Boden aus sch\u00f6n anzusehen, aber aus der Luft sind sie noch einmal etwas ganz Besonderes. Man kann die ganzen Felder auf einen Blick sehen. Ein unvergesslicher Anblick, auf den Sie sich bei einem Hubschrauberflug \u00fcber die Tulpenfelder verlassen k\u00f6nnen.<\/p>\n<h2>Welche Uhrzeit<\/h2>\n<p>Tulpen wachsen nat\u00fcrlich nicht das ganze Jahr \u00fcber, zumindest nicht im Freien. Wenn Sie also die Tulpenfelder zur optimalen Zeit besichtigen m\u00f6chten, m\u00fcssen Sie Ihren Hubschrauberflug \u00fcber die Tulpenfelder zur richtigen Zeit planen. Die beste Zeit ist zwischen Mitte April und Mitte Mai. Zu dieser Zeit stehen die Tulpen in voller Bl\u00fcte. Andere Blumen bl\u00fchen bereits ab Mitte M\u00e4rz, und Sie k\u00f6nnen sich noch bis zum Sommer an den sch\u00f6nen Farben aller Blumen erfreuen. Die gr\u00f6\u00dfte Bl\u00fctezeit ist jedoch im April und Mai, so dass dies die beste Zeit f\u00fcr Ihren Hubschrauberflug \u00fcber die Tulpenfelder ist.<\/p>\n<h2>In mehreren Provinzen<\/h2>\n<p>Es gibt mehrere Provinzen, wo Sie einen Hubschrauberflug Tulpenfelder tun k\u00f6nnen. In der Tat, mehrere Provinzen haben Tulpenfelder. Vielleicht ist die ber\u00fchmteste ist der Keukenhof in <a href=\"https:\/\/123helikoptervluchten.nl\/de\/hubschrauberflug\/lisse-noordwijk\/\">Lisse<\/a>. Dies ist zur gleichen Zeit in der Zwiebelregion - ein Gebiet mit vielen Blumen zu sehen zwischen Leiden und Haarlem. Auch in Zeeuws-Vlaanderen, Flevoland und Westfriesland kann man sch\u00f6ne bl\u00fchende Tulpenfelder sehen. Es gibt also viele Blumen- und Tulpenfelder in den Niederlanden und vom Hubschrauber aus zu sehen.<\/p>\n<h2>F\u00fcr alle Altersgruppen<\/h2>\n<p>Ein Hubschrauberflug Tulpenfelder ist wirklich Spa\u00df f\u00fcr jedermann. Auch wenn Sie kein Liebhaber von Tulpen oder Blumen sind, k\u00f6nnen Sie einzigartige Aussichten aus dem Hubschrauber genie\u00dfen. Diejenigen, die Fans sind, werden einen Helikopterflug Tulpenfelder sowieso genie\u00dfen. Es spielt wirklich keine Rolle, wie alt Sie sind und ob Sie aus der Region kommen oder nicht. So oder so, ein solcher Hubschrauberflug ist ein einmaliges Erlebnis, das Sie nicht so schnell vergessen werden.<\/p>","protected":false},"excerpt":{"rendered":"<p>Ein einzigartiger Ausflug, den Sie sich selbst oder jemand anderem schenken k\u00f6nnen, ist ein Hubschrauberflug \u00fcber die Tulpenfelder. Es spielt keine Rolle, wie alt Sie sind, ein Hubschrauberflug ist f\u00fcr jeden ein besonderes Erlebnis. Und mit einem Hubschrauberflug Tulpenfelder k\u00f6nnen Sie einen besonderen Ort der Niederlande aus der Luft sehen. Es gibt mehrere Orte [...]<\/p>","protected":false},"author":8,"featured_media":0,"parent":0,"menu_order":0,"comment_status":"closed","ping_status":"closed","template":"","meta":{"_acf_changed":false,"footnotes":""},"class_list":["post-17460","page","type-page","status-publish","hentry"],"acf":[],"_links":{"self":[{"href":"https:\/\/123helikoptervluchten.nl\/de\/wp-json\/wp\/v2\/pages\/17460","targetHints":{"allow":["GET"]}}],"collection":[{"href":"https:\/\/123helikoptervluchten.nl\/de\/wp-json\/wp\/v2\/pages"}],"about":[{"href":"https:\/\/123helikoptervluchten.nl\/de\/wp-json\/wp\/v2\/types\/page"}],"author":[{"embeddable":true,"href":"https:\/\/123helikoptervluchten.nl\/de\/wp-json\/wp\/v2\/users\/8"}],"replies":[{"embeddable":true,"href":"https:\/\/123helikoptervluchten.nl\/de\/wp-json\/wp\/v2\/comments?post=17460"}],"version-history":[{"count":0,"href":"https:\/\/123helikoptervluchten.nl\/de\/wp-json\/wp\/v2\/pages\/17460\/revisions"}],"wp:attachment":[{"href":"https:\/\/123helikoptervluchten.nl\/de\/wp-json\/wp\/v2\/media?parent=17460"}],"curies":[{"name":"wp","href":"https:\/\/api.w.org\/{rel}","templated":true}]}}