{"id":17,"date":"2021-04-14T12:47:36","date_gmt":"2021-04-14T12:47:36","guid":{"rendered":"https:\/\/dev.surv.nl\/123h\/?page_id=17"},"modified":"2025-05-01T18:43:42","modified_gmt":"2025-05-01T16:43:42","slug":"over-ons","status":"publish","type":"page","link":"https:\/\/123helikoptervluchten.nl\/de\/over-ons\/","title":{"rendered":"\u00dcber uns"},"content":{"rendered":"<div class=\"row\">\n<div class=\"col-xl-8 col-sm-12\">\n<p class=\"main-text\">\"Wenn man eine Verpflichtung eingeht, baut man Hoffnung auf. Wenn man sie einh\u00e4lt, baut man Vertrauen auf.\"<\/p>\n<p><a class=\"button button-orange video-btn\" href=\"#\" data-bs-toggle=\"modal\" data-src=\"https:\/\/player.vimeo.com\/video\/649600219\" data-bs-target=\"#videoModal\">Unser Unternehmensvideo ansehen<\/a><\/p>\n<p>Auf 123Helikoptervluchten finden Sie alle <a title=\"Hubschrauberfl\u00fcge\" href=\"\/de\/\">Hubschrauberfl\u00fcge<\/a> aller Standorte geb\u00fcndelt. Einfach schauen und vergleichen, 1 Website. Keine Suche mehr wie eine Nadel im Heuhaufen. Ist Ihr Standort und Ihre L\u00f6sung nicht dabei? Kontaktieren Sie uns, wir bieten auch ma\u00dfgeschneiderte L\u00f6sungen an.<\/p>\n<h2>Zeitleiste<\/h2>\n<p><strong>2010<\/strong><br \/>\nIn diesem Jahr beschloss ich, meine Hubschrauberlizenz zu erwerben. Als Gewerbetreibender, um es zu einem Vollzeitjob zu machen. Davor hatte ich mehr als 10 Jahre in der Welt der Technik zu tun, als Aufsichtsmechaniker f\u00fcr Niederspannungsinstallationen, Audio und Telekommunikation.<\/p>\n<p><strong>2012<\/strong><br \/>\nHier habe ich RondvluchtHelikopter.nl ins Leben gerufen, um Menschen mit Informationen zu versorgen und ihnen die M\u00f6glichkeit zu geben, Fl\u00fcge online zu buchen. \ud83c\udf89<\/p>\n<p><strong>2014<\/strong><br \/>\nMein erster Vollzeitjob in Thailand, bei dem ich Bangkok und seine Umgebung wunderbar \u00fcberfliegen konnte.<\/p>\n<p><strong>2016<\/strong><br \/>\nDie n\u00e4chste Herausforderung war in Deutschland, hier flog ich den EC135-Hubschrauber in der Windparkindustrie offshore.<\/p>\n<p><strong>2017<\/strong><br \/>\nIn diesem Jahr erblickte 123Helikoptervluchten das Licht der Welt, da RondvluchtHelikopter.nl an seine Grenzen stie\u00df. Das Angebot wuchs, und mit ihm der Umsatz. \ud83c\udf89<\/p>\n<p><strong>2019<\/strong><br \/>\nMitte dieses Jahres begann ich, mit der AW139 von England aus zu den \u00d6lplattformen zu fliegen. Sp\u00e4ter im selben Jahr fing ich an, von Westafrika aus zu fliegen, ebenfalls zu den \u00d6lplattformen. Inzwischen betreibe ich, wo immer ich sitze, mit einer Internetverbindung und einem Laptop, 123Helikoptervluchten \ud83d\ude42 .<\/p>\n<p><strong>2021<\/strong><br \/>\nExpansion: Ein Webentwickler und ein Online-Marketer haben sich 123Helikoptervluchten angeschlossen. Sch\u00f6ne und herausfordernde Kreationen werden kommen, Anfang 2022 hoffen wir eine neue Website f\u00fcr 123Helikoptervluchten zu starten. Danach hoffen wir, andere Online-Gesch\u00e4fte zu starten, bleiben Sie dran!<\/p>\n<p><strong>2022<br \/>\n<\/strong>Ich arbeite immer noch in Westafrika. 4 Wochen dort und dann 4 Wochen Urlaub in den Niederlanden, zu Hause bei meiner Familie.<\/p>\n<p style=\"margin-bottom: 0px; padding-bottom: 0px;\"><strong>Ziele Zukunft<\/strong><\/p>\n<ul style=\"font-size: 18px; font-weight: 500;\">\n<li>Mehr Zeit mit meiner Frau und meinen Kindern verbringen, nach 3 Jungen ist jetzt eine Tochter unterwegs! \ud83e\udd73<\/li>\n<li>zum Mond fliegen, am besten mit \u00dcbernachtung \ud83d\ude80<\/li>\n<li>Gewicht verlieren (Gewicht) und ein Sixpack (Heineken) \ud83d\udcaa<\/li>\n<li>Die Gr\u00fcndung weiterer Online-Plattformen als Unternehmer und mein Ziel als Pilot, das ich noch geheim halte \ud83d\ude09<\/li>\n<\/ul>\n<p><strong>2023<\/strong><br \/>\nSeptember: Wir steuern auf ein Umsatzwachstum von &gt;60% gegen\u00fcber dem Vorjahr zu. Das liegt zum Teil daran, dass die neu gestaltete Website nun schon seit fast 2 Jahren wie ein Haus steht. Damit sind wir sehr zufrieden. Aber wir sind noch nicht am Ziel. \u00dcberall sehe ich noch Verbesserungsm\u00f6glichkeiten und -bereiche, die Schritt f\u00fcr Schritt umgesetzt werden. Alles f\u00fcr ein besseres Erlebnis!<\/p>\n<p><strong>2024<\/strong><br \/>\nOktober: Der Umsatz im Vergleich zum gesamten letzten Jahr ist bereits \u00fcberschritten, das sch\u00f6ne Wachstum geht also weiter. In diesem Monat haben wir auch unser neues Logo eingef\u00fchrt. Das alte Logo war haupts\u00e4chlich auf den privaten Markt ausgerichtet. Aber in den letzten Jahren sind immer mehr Gesch\u00e4ftsauftr\u00e4ge hinzugekommen, so dass wir jetzt ein Logo haben, das sowohl den privaten als auch den gesch\u00e4ftlichen Markt anspricht. Wir hoffen, dass Ihnen das Logo gef\u00e4llt \ud83d\ude42<\/p>\n<p>Alt:<br \/>\n<img decoding=\"async\" class=\"alignnone wp-image-19458\" src=\"https:\/\/123helikoptervluchten.nl\/wp-content\/uploads\/2024\/05\/logo-1200x328.jpg\" alt=\"123Helicopter Fl\u00fcge Logo\" width=\"391\" height=\"107\" title=\"\" srcset=\"https:\/\/123helikoptervluchten.nl\/wp-content\/uploads\/2024\/05\/logo-1200x328.jpg 1200w, https:\/\/123helikoptervluchten.nl\/wp-content\/uploads\/2024\/05\/logo-scaled-600x164.jpg 600w, https:\/\/123helikoptervluchten.nl\/wp-content\/uploads\/2024\/05\/logo-300x82.jpg 300w, https:\/\/123helikoptervluchten.nl\/wp-content\/uploads\/2024\/05\/logo-768x210.jpg 768w, https:\/\/123helikoptervluchten.nl\/wp-content\/uploads\/2024\/05\/logo-1536x419.jpg 1536w, https:\/\/123helikoptervluchten.nl\/wp-content\/uploads\/2024\/05\/logo-2048x559.jpg 2048w, https:\/\/123helikoptervluchten.nl\/wp-content\/uploads\/2024\/05\/logo-18x5.jpg 18w, https:\/\/123helikoptervluchten.nl\/wp-content\/uploads\/2024\/05\/logo-60x16.jpg 60w, https:\/\/123helikoptervluchten.nl\/wp-content\/uploads\/2024\/05\/logo-110x30.jpg 110w\" sizes=\"(max-width: 391px) 100vw, 391px\" \/><\/p>\n<p>Neu:<br \/>\n<img decoding=\"async\" class=\"alignnone wp-image-19822\" src=\"https:\/\/123helikoptervluchten.nl\/wp-content\/uploads\/2024\/10\/Main-logo-Transperent.png\" alt=\"Neues Logo 123Helicopterflights\" width=\"396\" height=\"98\" title=\"\" srcset=\"https:\/\/123helikoptervluchten.nl\/wp-content\/uploads\/2024\/10\/Main-logo-Transperent.png 869w, https:\/\/123helikoptervluchten.nl\/wp-content\/uploads\/2024\/10\/Main-logo-Transperent-300x75.png 300w, https:\/\/123helikoptervluchten.nl\/wp-content\/uploads\/2024\/10\/Main-logo-Transperent-768x192.png 768w, https:\/\/123helikoptervluchten.nl\/wp-content\/uploads\/2024\/10\/Main-logo-Transperent-18x4.png 18w, https:\/\/123helikoptervluchten.nl\/wp-content\/uploads\/2024\/10\/Main-logo-Transperent-60x15.png 60w, https:\/\/123helikoptervluchten.nl\/wp-content\/uploads\/2024\/10\/Main-logo-Transperent-110x27.png 110w, https:\/\/123helikoptervluchten.nl\/wp-content\/uploads\/2024\/10\/Main-logo-Transperent-600x150.png 600w\" sizes=\"(max-width: 396px) 100vw, 396px\" \/><\/p>\n<p>Wenn Sie Fragen haben, gehen Sie bitte auf die Kontaktseite und stellen Sie Ihre Fragen. Ich w\u00fcnsche Ihnen einen sch\u00f6nen Tag!<\/p>\n<p>Eine fr\u00f6hliche Begr\u00fc\u00dfung,<br \/>\nWilfred Boerendans - Eigent\u00fcmer &amp; Pilot<br \/>\n<a href=\"https:\/\/www.linkedin.com\/in\/wilfredboerendans\/\" rel=\"nofollow noopener\" target=\"_blank\"><img decoding=\"async\" class=\"alignnone wp-image-19948\" src=\"https:\/\/123helikoptervluchten.nl\/wp-content\/uploads\/2024\/12\/1656958733linkedin-logo-png-1200x302.png\" alt=\"LinkedIn Wilfred\" width=\"95\" height=\"24\" title=\"\" srcset=\"https:\/\/123helikoptervluchten.nl\/wp-content\/uploads\/2024\/12\/1656958733linkedin-logo-png-1200x302.png 1200w, https:\/\/123helikoptervluchten.nl\/wp-content\/uploads\/2024\/12\/1656958733linkedin-logo-png-300x76.png 300w, https:\/\/123helikoptervluchten.nl\/wp-content\/uploads\/2024\/12\/1656958733linkedin-logo-png-768x194.png 768w, https:\/\/123helikoptervluchten.nl\/wp-content\/uploads\/2024\/12\/1656958733linkedin-logo-png-1536x387.png 1536w, https:\/\/123helikoptervluchten.nl\/wp-content\/uploads\/2024\/12\/1656958733linkedin-logo-png-18x5.png 18w, https:\/\/123helikoptervluchten.nl\/wp-content\/uploads\/2024\/12\/1656958733linkedin-logo-png-60x15.png 60w, https:\/\/123helikoptervluchten.nl\/wp-content\/uploads\/2024\/12\/1656958733linkedin-logo-png-110x28.png 110w, https:\/\/123helikoptervluchten.nl\/wp-content\/uploads\/2024\/12\/1656958733linkedin-logo-png-600x151.png 600w, https:\/\/123helikoptervluchten.nl\/wp-content\/uploads\/2024\/12\/1656958733linkedin-logo-png.png 2000w\" sizes=\"(max-width: 95px) 100vw, 95px\" \/><\/a><\/p>\n<p><img decoding=\"async\" class=\"alignnone size-full wp-image-18983\" src=\"https:\/\/123helikoptervluchten.nl\/wp-content\/uploads\/2023\/09\/1630346833762.jpeg\" alt=\"Hubschrauberpilot\" width=\"150\" height=\"150\" title=\"\" srcset=\"https:\/\/123helikoptervluchten.nl\/wp-content\/uploads\/2023\/09\/1630346833762.jpeg 150w, https:\/\/123helikoptervluchten.nl\/wp-content\/uploads\/2023\/09\/1630346833762-60x60.jpeg 60w, https:\/\/123helikoptervluchten.nl\/wp-content\/uploads\/2023\/09\/1630346833762-110x110.jpeg 110w\" sizes=\"(max-width: 150px) 100vw, 150px\" \/><\/p>\n<\/div>\n<div class=\"col-xl-4 col-sm-12\"><img decoding=\"async\" class=\"wp-image-287 alignleft\" src=\"https:\/\/123helikoptervluchten.nl\/wp-content\/uploads\/2021\/04\/05-600x600@2x-300x300.jpg\" alt=\"\" width=\"678\" height=\"678\" title=\"\" srcset=\"https:\/\/123helikoptervluchten.nl\/wp-content\/uploads\/2021\/04\/05-600x600@2x-300x300.jpg 300w, https:\/\/123helikoptervluchten.nl\/wp-content\/uploads\/2021\/04\/05-600x600@2x-600x600.jpg 600w, https:\/\/123helikoptervluchten.nl\/wp-content\/uploads\/2021\/04\/05-600x600@2x-1024x1024.jpg 1024w, https:\/\/123helikoptervluchten.nl\/wp-content\/uploads\/2021\/04\/05-600x600@2x-150x150.jpg 150w, https:\/\/123helikoptervluchten.nl\/wp-content\/uploads\/2021\/04\/05-600x600@2x-768x768.jpg 768w, https:\/\/123helikoptervluchten.nl\/wp-content\/uploads\/2021\/04\/05-600x600@2x.jpg 1200w\" sizes=\"(max-width: 678px) 100vw, 678px\" \/><\/div>\n<\/div>","protected":false},"excerpt":{"rendered":"<p>\"Wenn man eine Verpflichtung eingeht, baut man Hoffnung auf. Wenn man sie einh\u00e4lt, baut man Vertrauen auf.\" Sehen Sie sich unser Unternehmensvideo an Auf 123Helikopterflights finden Sie alle Hubschrauberfl\u00fcge von allen Standorten geb\u00fcndelt. Einfach zu suchen und zu vergleichen, 1 Website. Also keine Suche mehr wie die Nadel im Heuhaufen, es muss nicht so schwierig sein. Ist Ihr Standort und Ihre L\u00f6sung [...]<\/p>","protected":false},"author":10,"featured_media":0,"parent":0,"menu_order":0,"comment_status":"closed","ping_status":"closed","template":"","meta":{"_acf_changed":false,"footnotes":""},"class_list":["post-17","page","type-page","status-publish","hentry"],"acf":[],"_links":{"self":[{"href":"https:\/\/123helikoptervluchten.nl\/de\/wp-json\/wp\/v2\/pages\/17","targetHints":{"allow":["GET"]}}],"collection":[{"href":"https:\/\/123helikoptervluchten.nl\/de\/wp-json\/wp\/v2\/pages"}],"about":[{"href":"https:\/\/123helikoptervluchten.nl\/de\/wp-json\/wp\/v2\/types\/page"}],"author":[{"embeddable":true,"href":"https:\/\/123helikoptervluchten.nl\/de\/wp-json\/wp\/v2\/users\/10"}],"replies":[{"embeddable":true,"href":"https:\/\/123helikoptervluchten.nl\/de\/wp-json\/wp\/v2\/comments?post=17"}],"version-history":[{"count":0,"href":"https:\/\/123helikoptervluchten.nl\/de\/wp-json\/wp\/v2\/pages\/17\/revisions"}],"wp:attachment":[{"href":"https:\/\/123helikoptervluchten.nl\/de\/wp-json\/wp\/v2\/media?parent=17"}],"curies":[{"name":"wp","href":"https:\/\/api.w.org\/{rel}","templated":true}]}}